{"id":1509,"date":"2025-08-04T12:50:17","date_gmt":"2025-08-04T12:50:17","guid":{"rendered":"https:\/\/acetour.ae\/formas-de-pago\/"},"modified":"2025-10-14T16:17:52","modified_gmt":"2025-10-14T16:17:52","slug":"formas-de-pago","status":"publish","type":"page","link":"https:\/\/acetour.ae\/es\/formas-de-pago\/","title":{"rendered":"Formas de pago"},"content":{"rendered":"\t\t<div data-elementor-type=\"wp-page\" data-elementor-id=\"1509\" class=\"elementor elementor-1509 elementor-379\" data-elementor-post-type=\"page\">\n\t\t\t\t<div class=\"elementor-element elementor-element-aba939e e-con-full e-flex e-con e-parent\" data-id=\"aba939e\" data-element_type=\"container\" data-settings=\"{&quot;background_background&quot;:&quot;classic&quot;}\">\n\t\t\t\t<div class=\"elementor-element elementor-element-2223fd9 elementor-widget elementor-widget-heading\" data-id=\"2223fd9\" data-element_type=\"widget\" data-widget_type=\"heading.default\">\n\t\t\t\t<div class=\"elementor-widget-container\">\n\t\t\t\t\t<h2 class=\"elementor-heading-title elementor-size-default\">FORMAS DE PAGO<\/h2>\t\t\t\t<\/div>\n\t\t\t\t<\/div>\n\t\t\t\t<\/div>\n\t\t<div class=\"elementor-element elementor-element-64bdc8b e-flex e-con-boxed e-con e-parent\" data-id=\"64bdc8b\" data-element_type=\"container\">\n\t\t\t\t\t<div class=\"e-con-inner\">\n\t\t\t\t<div class=\"elementor-element elementor-element-2707267 elementor-widget elementor-widget-spacer\" data-id=\"2707267\" data-element_type=\"widget\" data-widget_type=\"spacer.default\">\n\t\t\t\t<div class=\"elementor-widget-container\">\n\t\t\t\t\t\t\t<div class=\"elementor-spacer\">\n\t\t\t<div class=\"elementor-spacer-inner\"><\/div>\n\t\t<\/div>\n\t\t\t\t\t\t<\/div>\n\t\t\t\t<\/div>\n\t\t\t\t<div class=\"elementor-element elementor-element-937427d elementor-widget elementor-widget-text-editor\" data-id=\"937427d\" data-element_type=\"widget\" data-widget_type=\"text-editor.default\">\n\t\t\t\t<div class=\"elementor-widget-container\">\n\t\t\t\t\t\t\t\t\t<p><strong>Formas de pago para consultas colectivas<\/strong><\/p>\n<p><\/p>\n<p>Las condiciones de pago var\u00edan en funci\u00f3n del producto, del servicio que se adquiera y del contrato suscrito en el momento de nuestra oferta de viaje y se indicar\u00e1n en cada declaraci\u00f3n para cada pr\u00e1ctica y seg\u00fan el contrato suscrito para cada grupo y cliente.<\/p>\n<p><\/p>\n<p> <\/p>\n<p><\/p>\n<p class=\"has-medium-font-size\"><strong>Formas de pago para consultas privadas CLIENTES<br><\/strong><\/p>\n<p><\/p>\n<p><strong>VUELOS:<\/strong><\/p>\n<p><\/p>\n<ul>\n<li>Se permite el <b>pago del importe total mediante tarjeta de cr\u00e9dito<\/b><br>Visa, MasterCard y submarcas de tarjetas de cr\u00e9dito como Visa Electron, Vpay. En el caso de una tarjeta de prepago, aseg\u00farate de que el importe total de la reserva est\u00e1 disponible o no se tramitar\u00e1. Se cobrar\u00e1 una comisi\u00f3n del 3% por la transacci\u00f3n con tarjeta de cr\u00e9dito, calculada sobre el importe total a tramitar.  <\/li>\n<li><b>Restricciones y recargos por tipo de tarjeta de cr\u00e9dito en algunas aerol\u00edneas de<\/b> bajo coste<br>Ryanair, por ejemplo, no acepta el pago con tarjetas de cr\u00e9dito American Express.<br>Las aerol\u00edneas de bajo coste pueden cobrar un recargo por el tipo de tarjeta de cr\u00e9dito utilizada. El importe se indicar\u00e1 antes de completar la reserva. <\/li>\n<li>La tarjeta de cr\u00e9dito o prepago utilizada no tiene que estar necesariamente a nombre del viajero.<\/li>\n<li>Los billetes se te enviar\u00e1n por correo electr\u00f3nico una vez recibida la contraprestaci\u00f3n total acordada.<\/li>\n<\/ul>\n<p><\/p>\n<p><strong>HOTEL:<\/strong><\/p>\n<p><\/p>\n<p><b>Nuestros hoteles son proporcionados por varios sitios en l\u00ednea y algunos propios<\/b><\/p>\n<p><\/p>\n<ul>\n<li><b>Las tarifas indicadas son para toda la estancia<\/b><br>Las tarifas incluyen impuestos adicionales e IVA con el cambio de moneda que se aplique, salvo que se indique lo contrario.<\/li>\n<li><b>Comprueba cuidadosamente las condiciones de pago en los detalles de la habitaci\u00f3n y la tarifa.<\/b><br>Algunas tarifas que suelen ser m\u00e1s baratas para una estancia determinada pueden tener restricciones y condiciones especiales en cuanto a cancelaci\u00f3n o reembolso.<\/li>\n<li><b>Solicitud de los datos de la tarjeta de cr\u00e9dito, para garantizar la reserva.<\/b><br>Los datos de la tarjeta utilizada para hacer la reserva se enviar\u00e1n directamente al hotel para verificar su validez.<\/li>\n<li><b>Solicitud de pago por adelantado mediante transferencia bancaria o tarjeta de cr\u00e9dito<br><\/b>Esto puede ocurrir para determinadas tarifas no reembolsables u ofertas especiales. Se cobrar\u00e1 una comisi\u00f3n del 3% por la transacci\u00f3n con tarjeta de cr\u00e9dito calculada sobre el importe total a tramitar. <\/li>\n<li><b>Pol\u00edticas de cancelaci\u00f3n y de no presentaci\u00f3n<\/b><br>Se mencionan en las p\u00e1ginas de informaci\u00f3n sobre el establecimiento, durante el proceso de reserva y en el correo electr\u00f3nico de confirmaci\u00f3n. No se permiten cancelaciones ni cambios en algunas tarifas. <\/li>\n<\/ul>\n<p><\/p>\n<p><strong>COCHES:<\/strong><\/p>\n<p><\/p>\n<ul>\n<li><b>Pago del importe total mediante tarjeta de cr\u00e9dito<br><\/b>Visa, MasterdCard. Tambi\u00e9n se aceptan sub-marcas de tarjetas de cr\u00e9dito como Visa Electron, Vpay. En el caso de una tarjeta de prepago, aseg\u00farate de que el importe total de la reserva est\u00e1 disponible, o no se efectuar\u00e1. Se cobrar\u00e1 una comisi\u00f3n del 3% por la transacci\u00f3n con tarjeta de cr\u00e9dito, calculada sobre el importe total a tramitar.   <\/li>\n<li><b>La tarjeta de cr\u00e9dito o prepago que utilizar\u00e1s para finalizar la reserva no tiene que estar necesariamente a nombre del arrendador o del conductor.<\/b><\/li>\n<\/ul>\n<p><\/p>\n<p><strong>PAQUETES DE VACACIONES Y CRUCEROS:<\/strong><\/p>\n<p><\/p>\n<p>Los Paquetes de vacaciones se pueden comprar con tres formas de pago diferentes:<\/p>\n<p><\/p>\n<ul>\n<li><b>Pago total con tarjeta de cr\u00e9dito<\/b><br>Se transaccionar\u00e1 el importe total del viaje seleccionado. Se cobrar\u00e1 un porcentaje del 3% por la transacci\u00f3n con tarjeta de cr\u00e9dito calculado sobre el importe del total a tramitar. <\/li>\n<li><b>Pago por adelantado con tarjeta de cr\u00e9dito<\/b><br>Congelamos el precio de la oferta mediante una transacci\u00f3n de s\u00f3lo 300,00 euros. Al confirmar este anticipo, te comprometes a la compra del paquete y el importe se congelar\u00e1 inmediatamente.<br>Tras nuestra confirmaci\u00f3n, se te pedir\u00e1 que pagues el saldo del importe restante, que puede realizarse mediante transferencia bancaria (en un plazo de 21 d\u00edas a partir de la salida), o mediante tarjeta de cr\u00e9dito (tras proporcionarnos una autorizaci\u00f3n por escrito en un formulario especial que te enviaremos, para poder utilizar los datos de tu tarjeta de cr\u00e9dito). <\/li>\n<li><b>Pago por operador telef\u00f3nico<br><\/b>Uno de nuestros operadores se pondr\u00e1 en contacto contigo por tel\u00e9fono y acordar\u00e1 contigo la forma de pago (pago con tarjeta de cr\u00e9dito o transferencia bancaria). Se te pedir\u00e1 el saldo en el momento de la confirmaci\u00f3n de la reserva. <\/li>\n<li>Algunos hoteles pueden cobrar impuestos locales adicionales que deben abonarse localmente.<\/li>\n<\/ul>\n<p><\/p>\n<p><strong>VUELO+HOTEL:<\/strong><\/p>\n<p><\/p>\n<ul>\n<li>Los Paquetes de Vacaciones de la secci\u00f3n Vuelo+Hotel s\u00f3lo se pueden comprar pagando el importe total con tarjeta de cr\u00e9dito MasterCard, Visa, en el momento de la reserva o por transferencia bancaria si hay tiempo entre la reserva y la salida, siempre con una garant\u00eda de la tarjeta de cr\u00e9dito. Se cobrar\u00e1 un porcentaje del 3% por la transacci\u00f3n con tarjeta de cr\u00e9dito, calculado sobre el importe total a transferir. <\/li>\n<li>Algunos hoteles pueden cobrar impuestos locales adicionales que deben abonarse localmente.<\/li>\n<\/ul>\n<p><\/p>\n<p><strong>GENERALIDADES<\/strong><\/p>\n<p><\/p>\n<ul>\n<li>Ace Tour Sm S.r.l. puede verse obligada a revelar los datos de tu tarjeta de cr\u00e9dito al Proveedor con el fin de finalizar tu reserva.<\/li>\n<li>Ace Tour Sm S.r.l. declina toda responsabilidad por dinero en efectivo o cheques enviados por correo.<\/li>\n<li>Antes de que se realice el pago completo, Ace Tour Sm S.r.l. no est\u00e1 obligada a emitir ning\u00fan billete, confirmaci\u00f3n, vale u otro documento de viaje.<\/li>\n<li>Ace Tour Sm S.r.l. se reserva el derecho a cobrarte un suplemento por los gastos de comisi\u00f3n en los que incurra Ace Tour Sm S.r.l. o el Proveedor en relaci\u00f3n con las reservas realizadas con tarjeta de cr\u00e9dito (aprox. 3%).<\/li>\n<li>Ace Tour Sm S.r.l. se reserva el derecho a cargarte cualquier gasto derivado de la falta de realizaci\u00f3n del pago efectuado con tarjeta de cr\u00e9dito. En caso de que el pago se realice mediante tarjeta de cr\u00e9dito de un tercero, Ace Tour Sm S.r.l. tendr\u00e1 derecho a solicitar al titular de la tarjeta la correspondiente autorizaci\u00f3n por escrito. <\/li>\n<li>Si hubiera alg\u00fan problema con el pago de tu reserva, nos pondremos en contacto contigo en un plazo de 48 horas (o en un plazo de 24 horas si tu viaje comienza antes). En este caso, Ace Tour Sm S.r.l. no se hace responsable de ning\u00fan aumento de precio o falta de disponibilidad. <\/li>\n<li>En lo que respecta a tu tarjeta de cr\u00e9dito, el hecho de no proporcionar la informaci\u00f3n de facturaci\u00f3n correcta puede dar lugar a la anulaci\u00f3n de tu reserva, causar retrasos en la emisi\u00f3n de billetes y, por otra parte, provocar un aumento de la tarifa. Aseg\u00farate de que la informaci\u00f3n de la direcci\u00f3n de facturaci\u00f3n coincide con la informaci\u00f3n de tu extracto. <\/li>\n<li>La falta de pago en los plazos establecidos conllevar\u00e1 la rescisi\u00f3n autom\u00e1tica del contrato de intermediaci\u00f3n, de conformidad con el art\u00edculo 1456 del C\u00f3digo Civil italiano, previa indemnizaci\u00f3n de los da\u00f1os y perjuicios sufridos por Ace Tour Sm S.r.l.. <\/li>\n<li>Los m\u00e9todos y condiciones de pago var\u00edan en funci\u00f3n del producto y servicio que se adquiera, y de la fecha de la reserva.<\/li>\n<\/ul>\n<p><\/p>\n<div class=\"wp-block-spacer\" style=\"height: 100px;\" aria-hidden=\"true\"> <\/div>\n<p><\/p>\t\t\t\t\t\t\t\t<\/div>\n\t\t\t\t<\/div>\n\t\t\t\t\t<\/div>\n\t\t\t\t<\/div>\n\t\t\t\t<\/div>\n\t\t","protected":false},"excerpt":{"rendered":"<p>FORMAS DE PAGO Formas de pago para consultas colectivas Las condiciones de pago var\u00edan en funci\u00f3n del producto, del servicio que se adquiera y del contrato suscrito en el momento de nuestra oferta de viaje y se indicar\u00e1n en cada declaraci\u00f3n para cada pr\u00e1ctica y seg\u00fan el contrato suscrito para cada grupo y cliente. Formas&#8230;<\/p>\n","protected":false},"author":1,"featured_media":0,"parent":0,"menu_order":0,"comment_status":"closed","ping_status":"closed","template":"elementor_header_footer","meta":{"footnotes":""},"class_list":["post-1509","page","type-page","status-publish","hentry"],"_links":{"self":[{"href":"https:\/\/acetour.ae\/es\/wp-json\/wp\/v2\/pages\/1509","targetHints":{"allow":["GET"]}}],"collection":[{"href":"https:\/\/acetour.ae\/es\/wp-json\/wp\/v2\/pages"}],"about":[{"href":"https:\/\/acetour.ae\/es\/wp-json\/wp\/v2\/types\/page"}],"author":[{"embeddable":true,"href":"https:\/\/acetour.ae\/es\/wp-json\/wp\/v2\/users\/1"}],"replies":[{"embeddable":true,"href":"https:\/\/acetour.ae\/es\/wp-json\/wp\/v2\/comments?post=1509"}],"version-history":[{"count":5,"href":"https:\/\/acetour.ae\/es\/wp-json\/wp\/v2\/pages\/1509\/revisions"}],"predecessor-version":[{"id":1525,"href":"https:\/\/acetour.ae\/es\/wp-json\/wp\/v2\/pages\/1509\/revisions\/1525"}],"wp:attachment":[{"href":"https:\/\/acetour.ae\/es\/wp-json\/wp\/v2\/media?parent=1509"}],"curies":[{"name":"wp","href":"https:\/\/api.w.org\/{rel}","templated":true}]}}