{"id":1519,"date":"2025-08-04T12:51:45","date_gmt":"2025-08-04T12:51:45","guid":{"rendered":"https:\/\/acetour.ae\/informacion-util\/"},"modified":"2025-10-14T16:17:52","modified_gmt":"2025-10-14T16:17:52","slug":"informacion-util","status":"publish","type":"page","link":"https:\/\/acetour.ae\/es\/informacion-util\/","title":{"rendered":"Informaci\u00f3n \u00fatil"},"content":{"rendered":"\t\t<div data-elementor-type=\"wp-page\" data-elementor-id=\"1519\" class=\"elementor elementor-1519 elementor-384\" data-elementor-post-type=\"page\">\n\t\t\t\t<div class=\"elementor-element elementor-element-aba939e e-con-full e-flex e-con e-parent\" data-id=\"aba939e\" data-element_type=\"container\" data-settings=\"{&quot;background_background&quot;:&quot;classic&quot;}\">\n\t\t\t\t<div class=\"elementor-element elementor-element-2223fd9 elementor-widget elementor-widget-heading\" data-id=\"2223fd9\" data-element_type=\"widget\" data-widget_type=\"heading.default\">\n\t\t\t\t<div class=\"elementor-widget-container\">\n\t\t\t\t\t<h2 class=\"elementor-heading-title elementor-size-default\">INFORMACI\u00d3N \u00daTIL<\/h2>\t\t\t\t<\/div>\n\t\t\t\t<\/div>\n\t\t\t\t<\/div>\n\t\t<div class=\"elementor-element elementor-element-62e64a9 e-flex e-con-boxed e-con e-parent\" data-id=\"62e64a9\" data-element_type=\"container\">\n\t\t\t\t\t<div class=\"e-con-inner\">\n\t\t\t\t<div class=\"elementor-element elementor-element-4080236 elementor-widget elementor-widget-spacer\" data-id=\"4080236\" data-element_type=\"widget\" data-widget_type=\"spacer.default\">\n\t\t\t\t<div class=\"elementor-widget-container\">\n\t\t\t\t\t\t\t<div class=\"elementor-spacer\">\n\t\t\t<div class=\"elementor-spacer-inner\"><\/div>\n\t\t<\/div>\n\t\t\t\t\t\t<\/div>\n\t\t\t\t<\/div>\n\t\t\t\t<div class=\"elementor-element elementor-element-dabfd0d elementor-widget elementor-widget-text-editor\" data-id=\"dabfd0d\" data-element_type=\"widget\" data-widget_type=\"text-editor.default\">\n\t\t\t\t<div class=\"elementor-widget-container\">\n\t\t\t\t\t\t\t\t\t<p><strong>Tasa tur\u00edstica<\/strong><\/p>\n<p><\/p>\n<p>Los precios no incluyen la tasa tur\u00edstica. Su aplicaci\u00f3n depende de cada municipio. En muchos municipios de Italia ya se aplica, como Florencia, Roma y Venecia; en el momento de la reserva se puede facilitar m\u00e1s informaci\u00f3n sobre las medidas aplicadas. El pago de la tasa se solicita a la llegada al hotel, salvo que se especifique lo contrario.   <\/p>\n<p><\/p>\n<p><strong>Tasa de reserva de grupo<\/strong><\/p>\n<p><\/p>\n<p>Por los servicios individuales no relacionados con las reservas de hotel, como comidas en restaurantes, traslados y excursiones, servicios de gu\u00eda y acompa\u00f1ante, se cobran tasas de reserva, que oscilan entre 30,00 y 50,00 euros por grupo, seg\u00fan el tipo de reserva.<\/p>\n<p><\/p>\n<p><strong>Reservas<\/strong><\/p>\n<p><\/p>\n<p>C\u00f3mo reservar: Puedes hacer tus reservas por tel\u00e9fono y despu\u00e9s por correo electr\u00f3nico o fax. La confirmaci\u00f3n se te enviar\u00e1 inmediatamente y s\u00f3lo se considerar\u00e1 finalizada tras la confirmaci\u00f3n por escrito de ACE TOUR. <\/p>\n<p><\/p>\n<p><strong>Hoteles y tipos<\/strong><\/p>\n<p><\/p>\n<p>Te ofrecemos una amplia selecci\u00f3n de hoteles cuidadosamente seleccionados y muy competitivos en relaci\u00f3n calidad-precio. Las categor\u00edas de los hoteles est\u00e1n claramente especificadas junto a cada uno y son las oficiales. <\/p>\n<p><\/p>\n<p><strong>Precios<\/strong><\/p>\n<p><\/p>\n<p>El IVA est\u00e1 incluido tanto en Italia como en el extranjero en la medida en que se conozca en el momento de la oferta y la publicaci\u00f3n. Cualquier cambio en el IVA, o cualquier aumento o adici\u00f3n de impuestos europeos o locales, conllevar\u00e1 un ajuste autom\u00e1tico de los precios publicados y confirmados. <\/p>\n<p><\/p>\n<ul>\n<li>Los precios de grupo incluyen <span style=\"line-height: 1.5em;\">IVA, <\/span><span style=\"line-height: 1.5em;\">desayuno continental, salvo que se especifique lo contrario, <\/span><span style=\"line-height: 1.5em;\">comidas con men\u00fas tur\u00edsticos.<\/span><\/li>\n<li>Los precios para clientes individuales incluyen: IVA, desayuno buffet si se especifica.<\/li>\n<\/ul>\n<p><\/p>\n<p><strong>Restaurantes<\/strong><\/p>\n<p><\/p>\n<p>Los precios por persona y comida se indican por separado para grupos de adultos y estudiantes y consisten en men\u00fas tur\u00edsticos de tres platos, salvo que se especifique lo contrario, excluidas las bebidas.<\/p>\n<p><\/p>\n<p><span style=\"line-height: 24px;\"><strong>Hoteles  <\/strong><\/span><\/p>\n<p><\/p>\n<p>Los precios de grupo son netos por persona y d\u00eda. Son para un m\u00ednimo de 20 participantes. Pueden aplicarse recargos a los grupos m\u00e1s peque\u00f1os. Los precios para estudiantes se aplican a los alumnos de primaria, secundaria y bachillerato.   <\/p>\n<p><\/p>\n<p><span style=\"line-height: 1.5em;\"><strong>Autob\u00fas<\/strong><\/span><\/p>\n<p><\/p>\n<p>Las tarifas de autocar indicadas incluyen el IVA vigente. Las posibles subidas del precio del petr\u00f3leo pueden provocar un aumento de los precios publicados. En temporada alta o para reservas sin fecha, las tarifas indicadas pueden estar sujetas a cambios.  <\/p>\n<p><\/p>\n<p><strong>Gu\u00edas<\/strong><\/p>\n<p><\/p>\n<p>Las tarifas indicadas incluyen la retenci\u00f3n fiscal. Salvo que se especifique lo contrario: la duraci\u00f3n de los servicios es de 3 horas por media jornada y de 7 horas por jornada completa. <\/p>\n<p><\/p>\n<p><span style=\"line-height: 1.5em;\"><strong>Visitas<\/strong><\/span><\/p>\n<p><\/p>\n<p>Hemos incluido en el sitio algunos viajes de nuestro programa anual, para todos los dem\u00e1s destinos puedes enviarnos una consulta y se te cotizar\u00e1 seg\u00fan tus requisitos.<\/p>\n<p><\/p>\n<div class=\"wp-block-spacer\" style=\"height: 100px;\" aria-hidden=\"true\"> <\/div>\n<p><\/p>\t\t\t\t\t\t\t\t<\/div>\n\t\t\t\t<\/div>\n\t\t\t\t\t<\/div>\n\t\t\t\t<\/div>\n\t\t\t\t<\/div>\n\t\t","protected":false},"excerpt":{"rendered":"<p>INFORMACI\u00d3N \u00daTIL Tasa tur\u00edstica Los precios no incluyen la tasa tur\u00edstica. Su aplicaci\u00f3n depende de cada municipio. En muchos municipios de Italia ya se aplica, como Florencia, Roma y Venecia; en el momento de la reserva se puede facilitar m\u00e1s informaci\u00f3n sobre las medidas aplicadas. El pago de la tasa se solicita a la llegada&#8230;<\/p>\n","protected":false},"author":1,"featured_media":0,"parent":0,"menu_order":0,"comment_status":"closed","ping_status":"closed","template":"elementor_header_footer","meta":{"footnotes":""},"class_list":["post-1519","page","type-page","status-publish","hentry"],"_links":{"self":[{"href":"https:\/\/acetour.ae\/es\/wp-json\/wp\/v2\/pages\/1519","targetHints":{"allow":["GET"]}}],"collection":[{"href":"https:\/\/acetour.ae\/es\/wp-json\/wp\/v2\/pages"}],"about":[{"href":"https:\/\/acetour.ae\/es\/wp-json\/wp\/v2\/types\/page"}],"author":[{"embeddable":true,"href":"https:\/\/acetour.ae\/es\/wp-json\/wp\/v2\/users\/1"}],"replies":[{"embeddable":true,"href":"https:\/\/acetour.ae\/es\/wp-json\/wp\/v2\/comments?post=1519"}],"version-history":[{"count":3,"href":"https:\/\/acetour.ae\/es\/wp-json\/wp\/v2\/pages\/1519\/revisions"}],"predecessor-version":[{"id":1527,"href":"https:\/\/acetour.ae\/es\/wp-json\/wp\/v2\/pages\/1519\/revisions\/1527"}],"wp:attachment":[{"href":"https:\/\/acetour.ae\/es\/wp-json\/wp\/v2\/media?parent=1519"}],"curies":[{"name":"wp","href":"https:\/\/api.w.org\/{rel}","templated":true}]}}