{"id":1698,"date":"2025-08-01T07:58:44","date_gmt":"2025-08-01T07:58:44","guid":{"rendered":"https:\/\/acetour.ae\/contact\/"},"modified":"2025-10-15T15:22:22","modified_gmt":"2025-10-15T15:22:22","slug":"contact","status":"publish","type":"page","link":"https:\/\/acetour.ae\/fr\/contact\/","title":{"rendered":"Contact"},"content":{"rendered":"\t\t<div data-elementor-type=\"wp-page\" data-elementor-id=\"1698\" class=\"elementor elementor-1698 elementor-214\" data-elementor-post-type=\"page\">\n\t\t\t\t<div class=\"elementor-element elementor-element-7f4b7bd e-con-full elementor-hidden-mobile e-flex e-con e-parent\" data-id=\"7f4b7bd\" data-element_type=\"container\" data-settings=\"{&quot;background_background&quot;:&quot;classic&quot;,&quot;background_motion_fx_motion_fx_scrolling&quot;:&quot;yes&quot;,&quot;background_motion_fx_scale_effect&quot;:&quot;yes&quot;,&quot;background_motion_fx_scale_speed&quot;:{&quot;unit&quot;:&quot;px&quot;,&quot;size&quot;:8,&quot;sizes&quot;:[]},&quot;background_motion_fx_scale_direction&quot;:&quot;out-in&quot;,&quot;background_motion_fx_scale_range&quot;:{&quot;unit&quot;:&quot;%&quot;,&quot;size&quot;:&quot;&quot;,&quot;sizes&quot;:{&quot;start&quot;:20,&quot;end&quot;:80}},&quot;background_motion_fx_devices&quot;:[&quot;desktop&quot;,&quot;tablet&quot;,&quot;mobile&quot;]}\">\n\t\t<div class=\"elementor-element elementor-element-fb04ffa e-con-full e-flex e-con e-child\" data-id=\"fb04ffa\" data-element_type=\"container\">\n\t\t\t\t<div class=\"elementor-element elementor-element-ddd17cb elementor-invisible elementor-widget elementor-widget-heading\" data-id=\"ddd17cb\" data-element_type=\"widget\" data-settings=\"{&quot;_animation&quot;:&quot;fadeIn&quot;,&quot;_animation_delay&quot;:200,&quot;motion_fx_motion_fx_scrolling&quot;:&quot;yes&quot;,&quot;motion_fx_opacity_effect&quot;:&quot;yes&quot;,&quot;motion_fx_opacity_direction&quot;:&quot;in-out&quot;,&quot;motion_fx_opacity_range&quot;:{&quot;unit&quot;:&quot;%&quot;,&quot;size&quot;:&quot;&quot;,&quot;sizes&quot;:{&quot;start&quot;:49,&quot;end&quot;:100}},&quot;motion_fx_opacity_level&quot;:{&quot;unit&quot;:&quot;px&quot;,&quot;size&quot;:10,&quot;sizes&quot;:[]},&quot;motion_fx_devices&quot;:[&quot;desktop&quot;,&quot;tablet&quot;,&quot;mobile&quot;]}\" data-widget_type=\"heading.default\">\n\t\t\t\t<div class=\"elementor-widget-container\">\n\t\t\t\t\t<h2 class=\"elementor-heading-title elementor-size-default\">Nous construisons ensemble des voyages uniques, \n<\/br>des exp\u00e9riences m\u00e9morables et des solutions sur mesure.<\/h2>\t\t\t\t<\/div>\n\t\t\t\t<\/div>\n\t\t\t\t<div class=\"elementor-element elementor-element-e87c179 elementor-align-center elementor-mobile-align-center elementor-invisible elementor-widget elementor-widget-button\" data-id=\"e87c179\" data-element_type=\"widget\" data-settings=\"{&quot;_animation&quot;:&quot;fadeIn&quot;,&quot;_animation_mobile&quot;:&quot;fadeIn&quot;,&quot;_animation_delay&quot;:200}\" data-widget_type=\"button.default\">\n\t\t\t\t<div class=\"elementor-widget-container\">\n\t\t\t\t\t\t\t\t\t<div class=\"elementor-button-wrapper\">\n\t\t\t\t\t<a class=\"elementor-button elementor-button-link elementor-size-sm elementor-animation-shrink\" href=\"#form\">\n\t\t\t\t\t\t<span class=\"elementor-button-content-wrapper\">\n\t\t\t\t\t\t\t\t\t<span class=\"elementor-button-text\">Prenons contact<\/span>\n\t\t\t\t\t<\/span>\n\t\t\t\t\t<\/a>\n\t\t\t\t<\/div>\n\t\t\t\t\t\t\t\t<\/div>\n\t\t\t\t<\/div>\n\t\t\t\t<\/div>\n\t\t\t\t<\/div>\n\t\t<div class=\"elementor-element elementor-element-d841028 elementor-hidden-desktop elementor-hidden-tablet e-flex e-con-boxed e-con e-parent\" data-id=\"d841028\" data-element_type=\"container\" data-settings=\"{&quot;background_background&quot;:&quot;classic&quot;}\">\n\t\t\t\t\t<div class=\"e-con-inner\">\n\t\t\t\t<div class=\"elementor-element elementor-element-a4f54a1 elementor-widget elementor-widget-heading\" data-id=\"a4f54a1\" data-element_type=\"widget\" data-widget_type=\"heading.default\">\n\t\t\t\t<div class=\"elementor-widget-container\">\n\t\t\t\t\t<h2 class=\"elementor-heading-title elementor-size-default\">Nous construisons ensemble des voyages uniques, \n<\/br>des exp\u00e9riences m\u00e9morables et des solutions sur mesure.<\/h2>\t\t\t\t<\/div>\n\t\t\t\t<\/div>\n\t\t\t\t\t<\/div>\n\t\t\t\t<\/div>\n\t\t<div class=\"elementor-element elementor-element-ff154c2 e-flex e-con-boxed e-con e-parent\" data-id=\"ff154c2\" data-element_type=\"container\" data-settings=\"{&quot;background_background&quot;:&quot;classic&quot;}\">\n\t\t\t\t\t<div class=\"e-con-inner\">\n\t\t<div class=\"elementor-element elementor-element-04b5ccd e-con-full e-flex e-con e-child\" data-id=\"04b5ccd\" data-element_type=\"container\">\n\t\t\t\t<div class=\"elementor-element elementor-element-69bc652 elementor-widget__width-initial elementor-invisible elementor-widget elementor-widget-heading\" data-id=\"69bc652\" data-element_type=\"widget\" data-settings=\"{&quot;_animation&quot;:&quot;fadeIn&quot;,&quot;_animation_delay&quot;:400}\" data-widget_type=\"heading.default\">\n\t\t\t\t<div class=\"elementor-widget-container\">\n\t\t\t\t\t<h2 class=\"elementor-heading-title elementor-size-default\"><b>Notre personnel vous r\u00e9pondra dans les plus brefs d\u00e9lais par e-mail, du lundi au vendredi.<\/b><\/BR> En cas d'urgence, nous sommes disponibles par t\u00e9l\u00e9phone ou par WhatsApp.\n<\/h2>\t\t\t\t<\/div>\n\t\t\t\t<\/div>\n\t\t\t\t<div class=\"elementor-element elementor-element-17474cf elementor-align-center elementor-mobile-align-center elementor-invisible elementor-widget elementor-widget-button\" data-id=\"17474cf\" data-element_type=\"widget\" data-settings=\"{&quot;_animation&quot;:&quot;fadeIn&quot;,&quot;_animation_mobile&quot;:&quot;fadeIn&quot;,&quot;_animation_delay&quot;:200}\" data-widget_type=\"button.default\">\n\t\t\t\t<div class=\"elementor-widget-container\">\n\t\t\t\t\t\t\t\t\t<div class=\"elementor-button-wrapper\">\n\t\t\t\t\t<a class=\"elementor-button elementor-button-link elementor-size-sm elementor-animation-shrink\" href=\"#form\">\n\t\t\t\t\t\t<span class=\"elementor-button-content-wrapper\">\n\t\t\t\t\t\t\t\t\t<span class=\"elementor-button-text\">Prenons contact<\/span>\n\t\t\t\t\t<\/span>\n\t\t\t\t\t<\/a>\n\t\t\t\t<\/div>\n\t\t\t\t\t\t\t\t<\/div>\n\t\t\t\t<\/div>\n\t\t\t\t<\/div>\n\t\t\t\t\t<\/div>\n\t\t\t\t<\/div>\n\t\t<div class=\"elementor-element elementor-element-4c3438d e-con-full e-flex e-con e-parent\" data-id=\"4c3438d\" data-element_type=\"container\" data-settings=\"{&quot;background_background&quot;:&quot;classic&quot;}\">\n\t\t<div class=\"elementor-element elementor-element-74e7861 e-con-full e-flex e-con e-child\" data-id=\"74e7861\" data-element_type=\"container\">\n\t\t\t\t<div class=\"elementor-element elementor-element-d73959d elementor-invisible elementor-widget elementor-widget-heading\" data-id=\"d73959d\" data-element_type=\"widget\" data-settings=\"{&quot;_animation&quot;:&quot;fadeIn&quot;,&quot;_animation_delay&quot;:200}\" data-widget_type=\"heading.default\">\n\t\t\t\t<div class=\"elementor-widget-container\">\n\t\t\t\t\t<h2 class=\"elementor-heading-title elementor-size-default\">Contacts :<\/h2>\t\t\t\t<\/div>\n\t\t\t\t<\/div>\n\t\t\t\t<div class=\"elementor-element elementor-element-34c9852 elementor-widget elementor-widget-text-editor\" data-id=\"34c9852\" data-element_type=\"widget\" data-widget_type=\"text-editor.default\">\n\t\t\t\t<div class=\"elementor-widget-container\">\n\t\t\t\t\t\t\t\t\tMeydan Grandstand, 6th floor,\n<\/br>Meydan Road, Nad Al Sheba,\n<\/br>Dubai, U.A.E.\n<\/br>\n +971<a href=\"tel:+971523789099\"> 523 789099<\/a>\n<\/br>\n\n<\/br> acetour.ae\t\t\t\t\t\t\t\t<\/div>\n\t\t\t\t<\/div>\n\t\t\t\t<div class=\"elementor-element elementor-element-882e6cd elementor-mobile-align-center elementor-align-left elementor-invisible elementor-widget elementor-widget-button\" data-id=\"882e6cd\" data-element_type=\"widget\" data-settings=\"{&quot;_animation&quot;:&quot;fadeIn&quot;,&quot;_animation_mobile&quot;:&quot;fadeIn&quot;,&quot;_animation_delay&quot;:200}\" data-widget_type=\"button.default\">\n\t\t\t\t<div class=\"elementor-widget-container\">\n\t\t\t\t\t\t\t\t\t<div class=\"elementor-button-wrapper\">\n\t\t\t\t\t<a class=\"elementor-button elementor-button-link elementor-size-sm elementor-animation-shrink\" href=\"#form\">\n\t\t\t\t\t\t<span class=\"elementor-button-content-wrapper\">\n\t\t\t\t\t\t\t\t\t<span class=\"elementor-button-text\">Prenons contact<\/span>\n\t\t\t\t\t<\/span>\n\t\t\t\t\t<\/a>\n\t\t\t\t<\/div>\n\t\t\t\t\t\t\t\t<\/div>\n\t\t\t\t<\/div>\n\t\t\t\t<\/div>\n\t\t<div class=\"elementor-element elementor-element-dafa1ac e-con-full e-flex e-con e-child\" data-id=\"dafa1ac\" data-element_type=\"container\" data-settings=\"{&quot;background_background&quot;:&quot;classic&quot;}\">\n\t\t\t\t<\/div>\n\t\t\t\t<\/div>\n\t\t<div class=\"elementor-element elementor-element-a304c33 e-flex e-con-boxed e-con e-parent\" data-id=\"a304c33\" data-element_type=\"container\">\n\t\t\t\t\t<div class=\"e-con-inner\">\n\t\t\t\t<div class=\"elementor-element elementor-element-0639268 elementor-invisible elementor-widget elementor-widget-heading\" data-id=\"0639268\" data-element_type=\"widget\" data-settings=\"{&quot;_animation&quot;:&quot;fadeIn&quot;,&quot;_animation_delay&quot;:200}\" data-widget_type=\"heading.default\">\n\t\t\t\t<div class=\"elementor-widget-container\">\n\t\t\t\t\t<h2 class=\"elementor-heading-title elementor-size-default\">Nos implantations<\/h2>\t\t\t\t<\/div>\n\t\t\t\t<\/div>\n\t\t<div class=\"elementor-element elementor-element-d4bf9ae e-con-full e-flex e-con e-child\" data-id=\"d4bf9ae\" data-element_type=\"container\">\n\t\t<div class=\"elementor-element elementor-element-4dd8a93 e-con-full e-flex elementor-invisible e-con e-child\" data-id=\"4dd8a93\" data-element_type=\"container\" data-settings=\"{&quot;background_background&quot;:&quot;classic&quot;,&quot;animation&quot;:&quot;bounce&quot;}\">\n\t\t\t\t<div class=\"elementor-element elementor-element-ecf4a4e elementor-view-default elementor-position-top elementor-mobile-position-top elementor-widget elementor-widget-icon-box\" data-id=\"ecf4a4e\" data-element_type=\"widget\" data-widget_type=\"icon-box.default\">\n\t\t\t\t<div class=\"elementor-widget-container\">\n\t\t\t\t\t\t\t<div class=\"elementor-icon-box-wrapper\">\n\n\t\t\t\t\t\t<div class=\"elementor-icon-box-icon\">\n\t\t\t\t<a href=\"http:\/\/acetour.it\" class=\"elementor-icon\" tabindex=\"-1\" aria-label=\"SAN MARINO\/ITALY\">\n\t\t\t\t<svg xmlns=\"http:\/\/www.w3.org\/2000\/svg\" id=\"Livello_1\" viewBox=\"0 0 384 384\"><path d=\"M201,0c3.8,1.1,8.2,1.1,12.2,1.7,64.4,10.4,110.2,69.4,106.3,134.3-3.5,58.6-49,101.3-81,146.2,23.3,3.3,70.5,15.1,79.3,39.9,12.5,34.9-46.2,53-70.9,56.9l-39.1,4.7c-10.5-.4-21.1.5-31.5,0-28.3-1.3-75-9-97.4-27.4-24.4-20-15.4-42.2,8.9-56.2,17.6-10.1,38-14.6,57.8-18-32-45.1-77.6-87.3-81-146.2S112.7,5,182.2,0h18.8ZM272,48.2C206.6-18.1,92,20.9,80.3,112.9c-5,39.2,9.2,68.5,30.8,99.5,25.1,36.1,55.6,69.1,80.5,105.5,1.1.3,1.2-.7,1.7-1.2,6.9-7,15.8-21.7,22.3-30.2,29.3-38.3,78.9-90.9,87.1-138.6s-4.9-73.4-30.8-99.6ZM152.9,296.3c-17.4,1-60.5,12.8-70.7,27.6-9.9,14.5,12.1,25.7,22.9,30.3,45.6,19.3,123.6,19.3,169.7,1.7,18.8-7.2,44.9-21.9,18-40.2-17.8-12.1-42.7-16.3-63.6-19.7l-3,1.5-28.5,39c-3.4,3.1-7.7,3.1-11.1,0l-28.9-39.4c-1.4-1.6-3-1-4.7-.9Z\"><\/path><path d=\"M186.6,75.2c70.3-6.7,78.4,99.4,9.5,104.7-68.4,5.3-76.9-98.3-9.5-104.7ZM187.3,90.2c-50.9,5.8-38.4,86.5,14.3,73.5,43.9-10.8,32.7-78.8-14.3-73.5Z\"><\/path><path d=\"M220.3,35.4c5.8-1.3,22.3,8.4,27.4,12,21.5,15,37.1,39.6,40.8,65.7.9,6.6,3.7,22.3-6.2,22.7s-7.8-14-8.7-20.6c-3.6-25-19.8-48.1-41.9-60.1s-14.1-5.2-16.1-8.7-.2-10,4.6-11Z\"><\/path><path d=\"M191.1,30.1c7.5-1.4,13,8.3,5.8,13.3-10.2,7.1-16.9-11.2-5.8-13.3Z\"><\/path><\/svg>\t\t\t\t<\/a>\n\t\t\t<\/div>\n\t\t\t\n\t\t\t\t\t\t<div class=\"elementor-icon-box-content\">\n\n\t\t\t\t\t\t\t\t\t<h3 class=\"elementor-icon-box-title\">\n\t\t\t\t\t\t<a href=\"http:\/\/acetour.it\" >\n\t\t\t\t\t\t\tSAN MARINO\/ITALY\t\t\t\t\t\t<\/a>\n\t\t\t\t\t<\/h3>\n\t\t\t\t\n\t\t\t\t\t\t\t\t\t<p class=\"elementor-icon-box-description\">\n\t\t\t\t\t\tVia Consiglio dei Sessanta 99\nDogana - 47891 - RSM\n\n<\/br>0549 970049\n<\/br>iinfo@acetour.it\n<\/br>acetour.it\t\t\t\t\t<\/p>\n\t\t\t\t\n\t\t\t<\/div>\n\t\t\t\n\t\t<\/div>\n\t\t\t\t\t\t<\/div>\n\t\t\t\t<\/div>\n\t\t\t\t<\/div>\n\t\t<div class=\"elementor-element elementor-element-9de7f07 e-con-full e-flex elementor-invisible e-con e-child\" data-id=\"9de7f07\" data-element_type=\"container\" data-settings=\"{&quot;background_background&quot;:&quot;classic&quot;,&quot;animation&quot;:&quot;bounce&quot;}\">\n\t\t\t\t<div class=\"elementor-element elementor-element-acf0ebb elementor-view-default elementor-position-top elementor-mobile-position-top elementor-widget elementor-widget-icon-box\" data-id=\"acf0ebb\" data-element_type=\"widget\" data-widget_type=\"icon-box.default\">\n\t\t\t\t<div class=\"elementor-widget-container\">\n\t\t\t\t\t\t\t<div class=\"elementor-icon-box-wrapper\">\n\n\t\t\t\t\t\t<div class=\"elementor-icon-box-icon\">\n\t\t\t\t<a href=\"http:\/\/acetour.fr\" class=\"elementor-icon\" tabindex=\"-1\" aria-label=\"FRANCE\">\n\t\t\t\t<svg xmlns=\"http:\/\/www.w3.org\/2000\/svg\" id=\"Livello_1\" viewBox=\"0 0 384 384\"><path d=\"M201,0c3.8,1.1,8.2,1.1,12.2,1.7,64.4,10.4,110.2,69.4,106.3,134.3-3.5,58.6-49,101.3-81,146.2,23.3,3.3,70.5,15.1,79.3,39.9,12.5,34.9-46.2,53-70.9,56.9l-39.1,4.7c-10.5-.4-21.1.5-31.5,0-28.3-1.3-75-9-97.4-27.4-24.4-20-15.4-42.2,8.9-56.2,17.6-10.1,38-14.6,57.8-18-32-45.1-77.6-87.3-81-146.2S112.7,5,182.2,0h18.8ZM272,48.2C206.6-18.1,92,20.9,80.3,112.9c-5,39.2,9.2,68.5,30.8,99.5,25.1,36.1,55.6,69.1,80.5,105.5,1.1.3,1.2-.7,1.7-1.2,6.9-7,15.8-21.7,22.3-30.2,29.3-38.3,78.9-90.9,87.1-138.6s-4.9-73.4-30.8-99.6ZM152.9,296.3c-17.4,1-60.5,12.8-70.7,27.6-9.9,14.5,12.1,25.7,22.9,30.3,45.6,19.3,123.6,19.3,169.7,1.7,18.8-7.2,44.9-21.9,18-40.2-17.8-12.1-42.7-16.3-63.6-19.7l-3,1.5-28.5,39c-3.4,3.1-7.7,3.1-11.1,0l-28.9-39.4c-1.4-1.6-3-1-4.7-.9Z\"><\/path><path d=\"M186.6,75.2c70.3-6.7,78.4,99.4,9.5,104.7-68.4,5.3-76.9-98.3-9.5-104.7ZM187.3,90.2c-50.9,5.8-38.4,86.5,14.3,73.5,43.9-10.8,32.7-78.8-14.3-73.5Z\"><\/path><path d=\"M220.3,35.4c5.8-1.3,22.3,8.4,27.4,12,21.5,15,37.1,39.6,40.8,65.7.9,6.6,3.7,22.3-6.2,22.7s-7.8-14-8.7-20.6c-3.6-25-19.8-48.1-41.9-60.1s-14.1-5.2-16.1-8.7-.2-10,4.6-11Z\"><\/path><path d=\"M191.1,30.1c7.5-1.4,13,8.3,5.8,13.3-10.2,7.1-16.9-11.2-5.8-13.3Z\"><\/path><\/svg>\t\t\t\t<\/a>\n\t\t\t<\/div>\n\t\t\t\n\t\t\t\t\t\t<div class=\"elementor-icon-box-content\">\n\n\t\t\t\t\t\t\t\t\t<h3 class=\"elementor-icon-box-title\">\n\t\t\t\t\t\t<a href=\"http:\/\/acetour.fr\" >\n\t\t\t\t\t\t\tFRANCE\t\t\t\t\t\t<\/a>\n\t\t\t\t\t<\/h3>\n\t\t\t\t\n\t\t\t\t\t\t\t\t\t<p class=\"elementor-icon-box-description\">\n\t\t\t\t\t\t34, Boulevard des Italiens\n<\/br>75009 PARIS\n\n<\/br>0033 1 77628569\n\n<\/br>info@acetour.fr\n<\/br>acetour.fr\n\t\t\t\t\t<\/p>\n\t\t\t\t\n\t\t\t<\/div>\n\t\t\t\n\t\t<\/div>\n\t\t\t\t\t\t<\/div>\n\t\t\t\t<\/div>\n\t\t\t\t<\/div>\n\t\t<div class=\"elementor-element elementor-element-2535ac2 e-con-full e-flex elementor-invisible e-con e-child\" data-id=\"2535ac2\" data-element_type=\"container\" data-settings=\"{&quot;background_background&quot;:&quot;classic&quot;,&quot;animation&quot;:&quot;bounce&quot;}\">\n\t\t\t\t<div class=\"elementor-element elementor-element-983e802 elementor-view-default elementor-position-top elementor-mobile-position-top elementor-widget elementor-widget-icon-box\" data-id=\"983e802\" data-element_type=\"widget\" data-widget_type=\"icon-box.default\">\n\t\t\t\t<div class=\"elementor-widget-container\">\n\t\t\t\t\t\t\t<div class=\"elementor-icon-box-wrapper\">\n\n\t\t\t\t\t\t<div class=\"elementor-icon-box-icon\">\n\t\t\t\t<a href=\"http:\/\/acetour.ae\" class=\"elementor-icon\" tabindex=\"-1\" aria-label=\"DUBAI\">\n\t\t\t\t<svg xmlns=\"http:\/\/www.w3.org\/2000\/svg\" id=\"Livello_1\" viewBox=\"0 0 384 384\"><path d=\"M201,0c3.8,1.1,8.2,1.1,12.2,1.7,64.4,10.4,110.2,69.4,106.3,134.3-3.5,58.6-49,101.3-81,146.2,23.3,3.3,70.5,15.1,79.3,39.9,12.5,34.9-46.2,53-70.9,56.9l-39.1,4.7c-10.5-.4-21.1.5-31.5,0-28.3-1.3-75-9-97.4-27.4-24.4-20-15.4-42.2,8.9-56.2,17.6-10.1,38-14.6,57.8-18-32-45.1-77.6-87.3-81-146.2S112.7,5,182.2,0h18.8ZM272,48.2C206.6-18.1,92,20.9,80.3,112.9c-5,39.2,9.2,68.5,30.8,99.5,25.1,36.1,55.6,69.1,80.5,105.5,1.1.3,1.2-.7,1.7-1.2,6.9-7,15.8-21.7,22.3-30.2,29.3-38.3,78.9-90.9,87.1-138.6s-4.9-73.4-30.8-99.6ZM152.9,296.3c-17.4,1-60.5,12.8-70.7,27.6-9.9,14.5,12.1,25.7,22.9,30.3,45.6,19.3,123.6,19.3,169.7,1.7,18.8-7.2,44.9-21.9,18-40.2-17.8-12.1-42.7-16.3-63.6-19.7l-3,1.5-28.5,39c-3.4,3.1-7.7,3.1-11.1,0l-28.9-39.4c-1.4-1.6-3-1-4.7-.9Z\"><\/path><path d=\"M186.6,75.2c70.3-6.7,78.4,99.4,9.5,104.7-68.4,5.3-76.9-98.3-9.5-104.7ZM187.3,90.2c-50.9,5.8-38.4,86.5,14.3,73.5,43.9-10.8,32.7-78.8-14.3-73.5Z\"><\/path><path d=\"M220.3,35.4c5.8-1.3,22.3,8.4,27.4,12,21.5,15,37.1,39.6,40.8,65.7.9,6.6,3.7,22.3-6.2,22.7s-7.8-14-8.7-20.6c-3.6-25-19.8-48.1-41.9-60.1s-14.1-5.2-16.1-8.7-.2-10,4.6-11Z\"><\/path><path d=\"M191.1,30.1c7.5-1.4,13,8.3,5.8,13.3-10.2,7.1-16.9-11.2-5.8-13.3Z\"><\/path><\/svg>\t\t\t\t<\/a>\n\t\t\t<\/div>\n\t\t\t\n\t\t\t\t\t\t<div class=\"elementor-icon-box-content\">\n\n\t\t\t\t\t\t\t\t\t<h3 class=\"elementor-icon-box-title\">\n\t\t\t\t\t\t<a href=\"http:\/\/acetour.ae\" >\n\t\t\t\t\t\t\tDUBAI\t\t\t\t\t\t<\/a>\n\t\t\t\t\t<\/h3>\n\t\t\t\t\n\t\t\t\t\t\t\t\t\t<p class=\"elementor-icon-box-description\">\n\t\t\t\t\t\tMeydan Grandstand, <\/br>6th floor,\nMeydan Road, Nad Al Sheba,\nDubai, U.A.E.\n\n<\/br> +971 523 789099\n\n<\/br>info@acetour.ae\n<\/br>acetour.ae\t\t\t\t\t<\/p>\n\t\t\t\t\n\t\t\t<\/div>\n\t\t\t\n\t\t<\/div>\n\t\t\t\t\t\t<\/div>\n\t\t\t\t<\/div>\n\t\t\t\t<\/div>\n\t\t\t\t<\/div>\n\t\t\t\t\t<\/div>\n\t\t\t\t<\/div>\n\t\t<div class=\"elementor-element elementor-element-78c2612 e-con-full e-flex e-con e-parent\" data-id=\"78c2612\" data-element_type=\"container\" id=\"form\" data-settings=\"{&quot;background_background&quot;:&quot;classic&quot;}\">\n\t\t<div class=\"elementor-element elementor-element-e5338f9 e-con-full e-flex e-con e-child\" data-id=\"e5338f9\" data-element_type=\"container\" data-settings=\"{&quot;background_background&quot;:&quot;classic&quot;}\">\n\t\t\t\t<div class=\"elementor-element elementor-element-8ef3da7 elementor-widget elementor-widget-template\" data-id=\"8ef3da7\" data-element_type=\"widget\" data-widget_type=\"template.default\">\n\t\t\t\t<div class=\"elementor-widget-container\">\n\t\t\t\t\t\t\t<div class=\"elementor-template\">\n\t\t\t\t\t<div data-elementor-type=\"container\" data-elementor-id=\"1764\" class=\"elementor elementor-1764 elementor-46\" data-elementor-post-type=\"elementor_library\">\n\t\t\t\t<div class=\"elementor-element elementor-element-7834bf7 e-con-full e-flex e-con e-parent\" data-id=\"7834bf7\" data-element_type=\"container\">\n\t\t\t\t<div class=\"elementor-element elementor-element-3e43820 elementor-button-align-stretch elementor-widget elementor-widget-form\" data-id=\"3e43820\" data-element_type=\"widget\" data-settings=\"{&quot;step_next_label&quot;:&quot;Suivant&quot;,&quot;step_previous_label&quot;:&quot;Pr\\u00e9c\\u00e9dent&quot;,&quot;button_width&quot;:&quot;100&quot;,&quot;step_type&quot;:&quot;number_text&quot;,&quot;step_icon_shape&quot;:&quot;circle&quot;}\" data-widget_type=\"form.default\">\n\t\t\t\t<div class=\"elementor-widget-container\">\n\t\t\t\t\t\t\t<form class=\"elementor-form\" method=\"post\" id=\"generate_lead_azienda\" name=\"G\u00e9n\u00e9rer des entreprises pilotes\" aria-label=\"G\u00e9n\u00e9rer des entreprises pilotes\">\n\t\t\t<input type=\"hidden\" name=\"post_id\" value=\"1764\"\/>\n\t\t\t<input type=\"hidden\" name=\"form_id\" value=\"3e43820\"\/>\n\t\t\t<input type=\"hidden\" name=\"referer_title\" value=\"\" \/>\n\n\t\t\t\t\t\t\t<input type=\"hidden\" name=\"queried_id\" value=\"1725\"\/>\n\t\t\t\n\t\t\t<div class=\"elementor-form-fields-wrapper elementor-labels-above\">\n\t\t\t\t\t\t\t\t<div class=\"elementor-field-type-text elementor-field-group elementor-column elementor-field-group-name elementor-col-50 elementor-field-required elementor-mark-required\">\n\t\t\t\t\t\t\t\t\t\t\t\t<label for=\"form-field-name\" class=\"elementor-field-label\">\n\t\t\t\t\t\t\t\tNom\t\t\t\t\t\t\t<\/label>\n\t\t\t\t\t\t\t\t\t\t\t\t\t\t<input size=\"1\" type=\"text\" name=\"form_fields[name]\" id=\"form-field-name\" class=\"elementor-field elementor-size-xs  elementor-field-textual\" placeholder=\"Nom\" required=\"required\">\n\t\t\t\t\t\t\t\t\t\t\t<\/div>\n\t\t\t\t\t\t\t\t<div class=\"elementor-field-type-text elementor-field-group elementor-column elementor-field-group-surname elementor-col-50 elementor-field-required elementor-mark-required\">\n\t\t\t\t\t\t\t\t\t\t\t\t<label for=\"form-field-surname\" class=\"elementor-field-label\">\n\t\t\t\t\t\t\t\tNom de famille\t\t\t\t\t\t\t<\/label>\n\t\t\t\t\t\t\t\t\t\t\t\t\t\t<input size=\"1\" type=\"text\" name=\"form_fields[surname]\" id=\"form-field-surname\" class=\"elementor-field elementor-size-xs  elementor-field-textual\" placeholder=\"Nom de famille\" required=\"required\">\n\t\t\t\t\t\t\t\t\t\t\t<\/div>\n\t\t\t\t\t\t\t\t<div class=\"elementor-field-type-email elementor-field-group elementor-column elementor-field-group-email elementor-col-50 elementor-field-required elementor-mark-required\">\n\t\t\t\t\t\t\t\t\t\t\t\t<label for=\"form-field-email\" class=\"elementor-field-label\">\n\t\t\t\t\t\t\t\tCourriel\t\t\t\t\t\t\t<\/label>\n\t\t\t\t\t\t\t\t\t\t\t\t\t\t<input size=\"1\" type=\"email\" name=\"form_fields[email]\" id=\"form-field-email\" class=\"elementor-field elementor-size-xs  elementor-field-textual\" placeholder=\"Courriel\" required=\"required\">\n\t\t\t\t\t\t\t\t\t\t\t<\/div>\n\t\t\t\t\t\t\t\t<div class=\"elementor-field-type-number elementor-field-group elementor-column elementor-field-group-telefono elementor-col-50 elementor-field-required elementor-mark-required\">\n\t\t\t\t\t\t\t\t\t\t\t\t<label for=\"form-field-telefono\" class=\"elementor-field-label\">\n\t\t\t\t\t\t\t\tT\u00e9l\u00e9phone\t\t\t\t\t\t\t<\/label>\n\t\t\t\t\t\t\t\t\t<input type=\"number\" name=\"form_fields[telefono]\" id=\"form-field-telefono\" class=\"elementor-field elementor-size-xs  elementor-field-textual\" placeholder=\"Num\u00e9ro de t\u00e9l\u00e9phone\" required=\"required\" min=\"\" max=\"\" >\n\t\t\t\t\t\t<\/div>\n\t\t\t\t\t\t\t\t<div class=\"elementor-field-type-text elementor-field-group elementor-column elementor-field-group-azienda elementor-col-100 elementor-field-required elementor-mark-required\">\n\t\t\t\t\t\t\t\t\t\t\t\t<label for=\"form-field-azienda\" class=\"elementor-field-label\">\n\t\t\t\t\t\t\t\tVotre entreprise\t\t\t\t\t\t\t<\/label>\n\t\t\t\t\t\t\t\t\t\t\t\t\t\t<input size=\"1\" type=\"text\" name=\"form_fields[azienda]\" id=\"form-field-azienda\" class=\"elementor-field elementor-size-xs  elementor-field-textual\" placeholder=\"Nom de votre entreprise\" required=\"required\">\n\t\t\t\t\t\t\t\t\t\t\t<\/div>\n\t\t\t\t\t\t\t\t<div class=\"elementor-field-type-textarea elementor-field-group elementor-column elementor-field-group-message elementor-col-100 elementor-field-required elementor-mark-required\">\n\t\t\t\t\t\t\t\t\t\t\t\t<label for=\"form-field-message\" class=\"elementor-field-label\">\n\t\t\t\t\t\t\t\tMessage\t\t\t\t\t\t\t<\/label>\n\t\t\t\t\t\t<textarea class=\"elementor-field-textual elementor-field  elementor-size-xs\" name=\"form_fields[message]\" id=\"form-field-message\" rows=\"4\" placeholder=\"Message\" required=\"required\"><\/textarea>\t\t\t\t<\/div>\n\t\t\t\t\t\t\t\t<div class=\"elementor-field-type-acceptance elementor-field-group elementor-column elementor-field-group-newsletter elementor-col-100\">\n\t\t\t\t\t\t\t<div class=\"elementor-field-subgroup\">\n\t\t\t<span class=\"elementor-field-option\">\n\t\t\t\t<input type=\"checkbox\" name=\"form_fields[newsletter]\" id=\"form-field-newsletter\" class=\"elementor-field elementor-size-xs  elementor-acceptance-field\">\n\t\t\t\t<label for=\"form-field-newsletter\">J'accepte de recevoir des communications par courrier \u00e9lectronique<\/label>\t\t\t<\/span>\n\t\t<\/div>\n\t\t\t\t\t\t<\/div>\n\t\t\t\t\t\t\t\t<div class=\"elementor-field-type-acceptance elementor-field-group elementor-column elementor-field-group-privacy elementor-col-100 elementor-field-required elementor-mark-required\">\n\t\t\t\t\t\t\t<div class=\"elementor-field-subgroup\">\n\t\t\t<span class=\"elementor-field-option\">\n\t\t\t\t<input type=\"checkbox\" name=\"form_fields[privacy]\" id=\"form-field-privacy\" class=\"elementor-field elementor-size-xs  elementor-acceptance-field\" required=\"required\">\n\t\t\t\t<label for=\"form-field-privacy\">J'ai lu et compris la <a href=\"https:\/\/www.iubenda.com\/privacy-policy\/48972865\" style=\"color: #000\" rel=\"nofollow\" target=\"_blank\">\n  <b>Politique de confidentialit\u00e9<\/b>\n<\/a> concernant le traitement des donn\u00e9es \u00e0 caract\u00e8re personnel\n<\/label>\t\t\t<\/span>\n\t\t<\/div>\n\t\t\t\t\t\t<\/div>\n\t\t\t\t\t\t\t\t<div class=\"elementor-field-type-recaptcha_v3 elementor-field-group elementor-column elementor-field-group-field_a8f25bc elementor-col-100 recaptcha_v3-bottomright\">\n\t\t\t\t\t<div class=\"elementor-field\" id=\"form-field-field_a8f25bc\"><div class=\"elementor-g-recaptcha\" data-sitekey=\"6LdhOZorAAAAANfEmZ3QeR7GaePmW5kdOoGRO7DX\" data-type=\"v3\" data-action=\"Form\" data-badge=\"bottomright\" data-size=\"invisible\"><\/div><\/div>\t\t\t\t<\/div>\n\t\t\t\t\t\t\t\t<div class=\"elementor-field-group elementor-column elementor-field-type-submit elementor-col-100 e-form__buttons\">\n\t\t\t\t\t<button class=\"elementor-button elementor-size-sm elementor-animation-shrink\" type=\"submit\">\n\t\t\t\t\t\t<span class=\"elementor-button-content-wrapper\">\n\t\t\t\t\t\t\t\t\t\t\t\t\t\t\t\t\t\t\t\t\t\t<span class=\"elementor-button-text\">Envoyer<\/span>\n\t\t\t\t\t\t\t\t\t\t\t\t\t<\/span>\n\t\t\t\t\t<\/button>\n\t\t\t\t<\/div>\n\t\t\t<\/div>\n\t\t<\/form>\n\t\t\t\t\t\t<\/div>\n\t\t\t\t<\/div>\n\t\t\t\t<\/div>\n\t\t\t\t<\/div>\n\t\t\t\t<\/div>\n\t\t\t\t\t\t<\/div>\n\t\t\t\t<\/div>\n\t\t\t\t<\/div>\n\t\t\t\t<\/div>\n\t\t\t\t<\/div>\n\t\t","protected":false},"excerpt":{"rendered":"<p>Nous construisons ensemble des voyages uniques, des exp\u00e9riences m\u00e9morables et des solutions sur mesure. Prenons contact Nous construisons ensemble des voyages uniques, des exp\u00e9riences m\u00e9morables et des solutions sur mesure. Notre personnel vous r\u00e9pondra dans les plus brefs d\u00e9lais par e-mail, du lundi au vendredi. En cas d&rsquo;urgence, nous sommes disponibles par t\u00e9l\u00e9phone ou par&#8230;<\/p>\n","protected":false},"author":1,"featured_media":0,"parent":0,"menu_order":0,"comment_status":"closed","ping_status":"closed","template":"elementor_header_footer","meta":{"footnotes":""},"class_list":["post-1698","page","type-page","status-publish","hentry"],"_links":{"self":[{"href":"https:\/\/acetour.ae\/fr\/wp-json\/wp\/v2\/pages\/1698","targetHints":{"allow":["GET"]}}],"collection":[{"href":"https:\/\/acetour.ae\/fr\/wp-json\/wp\/v2\/pages"}],"about":[{"href":"https:\/\/acetour.ae\/fr\/wp-json\/wp\/v2\/types\/page"}],"author":[{"embeddable":true,"href":"https:\/\/acetour.ae\/fr\/wp-json\/wp\/v2\/users\/1"}],"replies":[{"embeddable":true,"href":"https:\/\/acetour.ae\/fr\/wp-json\/wp\/v2\/comments?post=1698"}],"version-history":[{"count":1,"href":"https:\/\/acetour.ae\/fr\/wp-json\/wp\/v2\/pages\/1698\/revisions"}],"predecessor-version":[{"id":1703,"href":"https:\/\/acetour.ae\/fr\/wp-json\/wp\/v2\/pages\/1698\/revisions\/1703"}],"wp:attachment":[{"href":"https:\/\/acetour.ae\/fr\/wp-json\/wp\/v2\/media?parent=1698"}],"curies":[{"name":"wp","href":"https:\/\/api.w.org\/{rel}","templated":true}]}}