{"id":1742,"date":"2025-08-04T12:47:56","date_gmt":"2025-08-04T12:47:56","guid":{"rendered":"https:\/\/acetour.ae\/conditions-generales-dutilisation\/"},"modified":"2025-10-15T15:22:35","modified_gmt":"2025-10-15T15:22:35","slug":"conditions-generales-dutilisation","status":"publish","type":"page","link":"https:\/\/acetour.ae\/fr\/conditions-generales-dutilisation\/","title":{"rendered":"Conditions g\u00e9n\u00e9rales d&rsquo;utilisation"},"content":{"rendered":"\t\t<div data-elementor-type=\"wp-page\" data-elementor-id=\"1742\" class=\"elementor elementor-1742 elementor-369\" data-elementor-post-type=\"page\">\n\t\t\t\t<div class=\"elementor-element elementor-element-4575d61 e-con-full e-flex e-con e-parent\" data-id=\"4575d61\" data-element_type=\"container\" data-settings=\"{&quot;background_background&quot;:&quot;classic&quot;}\">\n\t\t\t\t<div class=\"elementor-element elementor-element-971be86 elementor-widget elementor-widget-heading\" data-id=\"971be86\" data-element_type=\"widget\" data-widget_type=\"heading.default\">\n\t\t\t\t<div class=\"elementor-widget-container\">\n\t\t\t\t\t<h2 class=\"elementor-heading-title elementor-size-default\">CONDITIONS G\u00c9N\u00c9RALES<\/h2>\t\t\t\t<\/div>\n\t\t\t\t<\/div>\n\t\t\t\t<\/div>\n\t\t<div class=\"elementor-element elementor-element-af8a59c e-flex e-con-boxed e-con e-parent\" data-id=\"af8a59c\" data-element_type=\"container\">\n\t\t\t\t\t<div class=\"e-con-inner\">\n\t\t\t\t<div class=\"elementor-element elementor-element-734136f elementor-widget elementor-widget-spacer\" data-id=\"734136f\" data-element_type=\"widget\" data-widget_type=\"spacer.default\">\n\t\t\t\t<div class=\"elementor-widget-container\">\n\t\t\t\t\t\t\t<div class=\"elementor-spacer\">\n\t\t\t<div class=\"elementor-spacer-inner\"><\/div>\n\t\t<\/div>\n\t\t\t\t\t\t<\/div>\n\t\t\t\t<\/div>\n\t\t\t\t<div class=\"elementor-element elementor-element-d433f34 elementor-widget elementor-widget-text-editor\" data-id=\"d433f34\" data-element_type=\"widget\" data-widget_type=\"text-editor.default\">\n\t\t\t\t<div class=\"elementor-widget-container\">\n\t\t\t\t\t\t\t\t\t<p><strong>R\u00c8GLES APPLICABLES ET RESPONSABILIT\u00c9<\/strong><br>La vente de forfaits touristiques, qui ont pour objet des prestations \u00e0 fournir sur le territoire national et international, est r\u00e9gie par le Code du tourisme, plus pr\u00e9cis\u00e9ment les articles 32 \u00e0 51- novies pour tel que modifi\u00e9 par le d\u00e9cret l\u00e9gislatif 21 mai 2018 n\u00b0 62, transposant et mettant en \u0153uvre la directive UE 2015\/2302 ainsi que par les dispositions du Code civil relatives au transport et au mandat, dans la mesure o\u00f9 elles sont applicables.<\/p>\n<p><\/p>\n<p>R\u00c9SERVATIONS <strong>ET PAIEMENTS<\/strong><br>Les r\u00e9servations sont accept\u00e9es sous r\u00e9serve de disponibilit\u00e9. Elles sont consid\u00e9r\u00e9es comme effectu\u00e9es si la confirmation est imm\u00e9diatement suivie du versement de l&rsquo;acompte requis. Le mode de paiement du solde sera indiqu\u00e9 sur notre confirmation.   <\/p>\n<p><\/p>\n<p><strong>R.C. ASS<\/strong>URANCE<br>Pour garantir l&rsquo;accomplissement exact des obligations envers les clients, ACE TOUR SM srl a souscrit une police d&rsquo;assurance sp\u00e9ciale aupr\u00e8s de UNIPOLSAI ASSICURAZIONI S.p.A. police n\u00b0 40086424, conform\u00e9ment \u00e0 l&rsquo;article 14 de la L.R. n\u00b0 07 du 31\/03\/2003.   <\/p>\n<p><\/p>\n<p><strong>RETRAIT\/INTERRUPTION DE VOTRE S\u00c9JOUR<\/strong><br>En cas de retrait du contrat de voyage, ACE TOUR SM srl appliquera les p\u00e9nalit\u00e9s suivantes, en plus des frais et des d\u00e9penses \u00e0 supporter pour l&rsquo;annulation des services :<\/p>\n<p><\/p>\n<p>-25 % du montant total si l&rsquo;annulation est re\u00e7ue par ACE TOUR SM srl jusqu&rsquo;\u00e0 30 jours avant l&rsquo;utilisation des services r\u00e9serv\u00e9s, sauf indication contraire.<\/p>\n<p><\/p>\n<p>-50 % du montant total si l&rsquo;annulation est re\u00e7ue par ACE TOUR SM srl jusqu&rsquo;\u00e0 21 jours avant l&rsquo;utilisation des services r\u00e9serv\u00e9s, sauf indication contraire.<\/p>\n<p><\/p>\n<p>-75 % du montant total si l&rsquo;annulation est re\u00e7ue par ACE TOUR SM srl jusqu&rsquo;\u00e0 7 jours avant l&rsquo;utilisation des services r\u00e9serv\u00e9s, sauf indication contraire.<\/p>\n<p><\/p>\n<p>Aucun remboursement n&rsquo;est possible apr\u00e8s ces dates.<\/p>\n<p><\/p>\n<p>En r\u00e8gle g\u00e9n\u00e9rale, les annulations de groupes confirm\u00e9s sont soumises aux p\u00e9nalit\u00e9s susmentionn\u00e9es. Toutefois, les annulations de services individuels confirm\u00e9s (vols, trains, bateaux, h\u00f4tels, restaurants, guides) peuvent \u00eatre soumises \u00e0 des p\u00e9nalit\u00e9s diff\u00e9rentes, en vertu de conditions diff\u00e9rentes de ce qui pr\u00e9c\u00e8de, d&rsquo;\u00e9v\u00e9nements, de foires, de festivit\u00e9s dans des lieux ou des nations sp\u00e9cifiques. Il incombe \u00e0 ACE TOUR SM srl de communiquer l&rsquo;ampleur des \u00e9ventuelles p\u00e9nalit\u00e9s au moment de la confirmation. En cas d&rsquo;interruption du s\u00e9jour, aucun remboursement ne sera effectu\u00e9, sauf si le groupe est en mesure de pr\u00e9senter une d\u00e9claration sp\u00e9cifique de la direction de l&rsquo;h\u00f4tel acceptant le remboursement, pour les services non utilis\u00e9s. Cette condition est imp\u00e9rative et l&rsquo;agence organisatrice ne remboursera que le montant autoris\u00e9 par l&rsquo;h\u00f4tel, d\u00e9duction faite des \u00e9ventuels frais d&rsquo;agence.    <\/p>\n<p><\/p>\n<p>R\u00c9SILIATION SANS <strong>P\u00c9NALIT\u00c9<\/strong><br>Le voyageur a le droit de r\u00e9silier le contrat sans payer de p\u00e9nalit\u00e9 dans les cas suivants :<\/p>\n<p><\/p>\n<p>-augmentation du prix du forfait r\u00e9serv\u00e9 de plus de 10 %.<\/p>\n<p><\/p>\n<p>-les modifications essentielles du contrat demand\u00e9es par ACE TOUR SM srl apr\u00e8s la conclusion du contrat, sans l&rsquo;accord du client.<\/p>\n<p><\/p>\n<p>A cet \u00e9gard, il convient de noter que le client doit notifier par \u00e9crit \u00e0 ACE TOUR SM srl son choix d&rsquo;accepter ou de se r\u00e9tracter dans les 2 (deux) jours ouvrables suivant la r\u00e9ception de la proposition de modification. En cas de r\u00e9tractation, le client aura droit au remboursement des sommes d\u00e9j\u00e0 vers\u00e9es ou, \u00e0 d\u00e9faut, \u00e0 l&rsquo;utilisation d&rsquo;un autre forfait touristique de qualit\u00e9 \u00e9quivalente. <\/p>\n<p><\/p>\n<p><strong>VARIATIONS<\/strong><br>Il est reconnu que ACE TOUR SM srl a le droit de remplacer les h\u00f4tels et\/ou les lieux de s\u00e9jour par d&rsquo;autres de caract\u00e9ristiques similaires pour des raisons op\u00e9rationnelles ou pour d&rsquo;autres besoins qui se sont manifest\u00e9s. Au cas o\u00f9 le voyageur n&rsquo;accepterait pas la modification propos\u00e9e, qui doit \u00eatre faite par \u00e9crit dans les 2 (deux) jours ouvrables suivant la r\u00e9ception de la proposition, ACE TOUR SM srl ne sera tenue qu&rsquo;au remboursement des sommes d\u00e9j\u00e0 vers\u00e9es. <\/p>\n<p><\/p>\n<p><strong>R\u00c9CLAMATIONS<\/strong><br>Tout manquement dans l&rsquo;ex\u00e9cution du contrat doit \u00eatre contest\u00e9 par le voyageur sans d\u00e9lai afin que ACE TOUR SM srl ou son repr\u00e9sentant local, s&rsquo;il y en a un, puisse y rem\u00e9dier rapidement. Toute r\u00e9clamation \u00e9crite doit \u00eatre envoy\u00e9e, sous peine de d\u00e9ch\u00e9ance, par lettre recommand\u00e9e avec accus\u00e9 de r\u00e9ception au plus tard dans les 10 jours ouvrables \u00e0 compter de la date de retour au lieu de d\u00e9part. Les offres sur le site \u00e9tant faites bien avant la prestation effective des services, si des changements devaient intervenir par rapport aux descriptions propos\u00e9es, ACE TOUR SM srl ne pourrait en aucun cas en \u00eatre tenu pour responsable.  <\/p>\n<p><\/p>\n<p><strong>OBLIGATIONS DES VOYAGEURS<\/strong><br>Les participants au voyage doivent \u00eatre en possession d&rsquo;un passeport individuel ou d&rsquo;un autre document valable pour tous les pays couverts par l&rsquo;itin\u00e9raire, ainsi que des visas de s\u00e9jour et de transit et des certificats sanitaires \u00e9ventuellement requis. Ils doivent \u00e9galement se conformer aux r\u00e8gles de prudence et de diligence normales, \u00e0 toutes les informations qui leur sont fournies par l&rsquo;organisateur, ainsi qu&rsquo;aux r\u00e9glementations et dispositions administratives ou l\u00e9gislatives relatives au voyage. Les participants sont responsables de tous les dommages que l&rsquo;organisateur du voyage pourrait subir du fait de leur inex\u00e9cution. Le voyageur est tenu de fournir \u00e0 l&rsquo;organisateur tous les documents, informations et \u00e9l\u00e9ments en sa possession qui sont utiles \u00e0 l&rsquo;exercice du droit de subrogation de ce dernier contre les tiers responsables du dommage. Le voyageur est responsable envers l&rsquo;organisateur du pr\u00e9judice caus\u00e9 au droit de subrogation. Le consommateur communiquera \u00e9galement par \u00e9crit \u00e0 l&rsquo;organisateur, au moment de la r\u00e9servation, toute demande personnelle particuli\u00e8re pouvant faire l&rsquo;objet d&rsquo;accords sp\u00e9cifiques sur l&rsquo;organisation du voyage, pour autant qu&rsquo;il soit possible de les mettre en \u0153uvre.     <\/p>\n<p><\/p>\n<p><strong>VENTE DE<\/strong> PRESTATIONS <strong>UNIQUES<\/strong><br>Les contrats relatifs \u00e0 la vente de prestations uniques (h\u00e9bergement, transport, etc.) et qui ne portent donc pas sur un forfait touristique, sont r\u00e9gis par le CCV Art. 1, n\u00b0 3 et n\u00b0 6 ; Art. 17 \u00e0 23 ; Art. 24 \u00e0 31, \u00e0 l&rsquo;exclusion d&rsquo;un contrat d&rsquo;organisation de voyages. Les autres conditions g\u00e9n\u00e9rales de vente \u00e9nonc\u00e9es ci-dessus sont \u00e9galement applicables sans constituer, en tout \u00e9tat de cause, un forfait touristique. Le vendeur qui s&rsquo;engage \u00e0 procurer un seul service touristique \u00e0 un tiers, m\u00eame par voie \u00e9lectronique, est tenu de d\u00e9livrer au voyageur les documents relatifs \u00e0 ce service, en indiquant le montant pay\u00e9 pour ce service, et ne peut en aucun cas \u00eatre consid\u00e9r\u00e9 comme un organisateur de voyages.    <\/p>\n<p><\/p>\n<p><strong>BAGAGES<\/strong><br>Les bagages voyagent aux risques et p\u00e9rils des participants et ACE TOUR SM srl ne peut en aucun cas \u00eatre tenu pour responsable en cas de perte, de vol ou de d\u00e9t\u00e9rioration pendant le voyage ou le s\u00e9jour lui-m\u00eame.<\/p>\n<p><\/p>\n<p><strong>REMPLACEMENT<\/strong><br>En cas de force majeure, ACE TOUR SM srl se r\u00e9serve le droit de remplacer les h\u00f4tels par d&rsquo;autres de m\u00eame cat\u00e9gorie ou de cat\u00e9gorie sup\u00e9rieure dans la m\u00eame localit\u00e9 ou dans les localit\u00e9s voisines.<\/p>\n<p><\/p>\n<p><strong>TRIBUNAL COMP\u00c9TENT<\/strong><br>Le tribunal du RSM a une comp\u00e9tence exclusive pour tous les litiges et controverses.<\/p>\n<p><\/p>\n<p><strong>INFORMATIONS CONFORM\u00c9MENT \u00c0 L&rsquo;ARTICLE 13 DU D\u00c9CRET L\u00c9GISLATIF 196\/03<\/strong><br>Conform\u00e9ment aux dispositions de la l\u00e9gislation en vigueur en mati\u00e8re de protection de la vie priv\u00e9e, ACE TOUR SM srl garantit la plus grande confidentialit\u00e9 des donn\u00e9es communiqu\u00e9es. Celles-ci seront trait\u00e9es conform\u00e9ment \u00e0 l&rsquo;article 11 du d\u00e9cret l\u00e9gislatif.   196\/03<\/p>\n<p><\/p>\n<p><strong>PRIVACY<br><\/strong>Le traitement des donn\u00e9es personnelles est effectu\u00e9 sur papier et sous forme num\u00e9rique, dans le plein respect du d\u00e9cret l\u00e9gislatif 196\/03, aux fins de la conclusion du contrat et de l&rsquo;ex\u00e9cution des services qui feront l&rsquo;objet du forfait touristique. La fourniture des donn\u00e9es est n\u00e9cessaire. Les donn\u00e9es personnelles ne seront pas divulgu\u00e9es, mais seulement communiqu\u00e9es aux fournisseurs des services qui composent le forfait touristique achet\u00e9.  <\/p>\n<p><\/p>\n<p><strong>RESPONSABILIT\u00c9 DES TRANSPORTEURS A\u00c9RIENS<\/strong><br>Indemnisation en cas de d\u00e9c\u00e8s ou de blessure : Il n&rsquo;existe aucune limite financi\u00e8re de responsabilit\u00e9 en cas de blessure ou de d\u00e9c\u00e8s d&rsquo;un passager. Pour les dommages allant jusqu&rsquo;\u00e0 113 100 DTS (\u00e9quivalent approximatif en monnaie locale de 130000 euros), le transporteur a\u00e9rien ne peut pas contester les demandes d&rsquo;indemnisation. Au-del\u00e0 de ce montant, le transporteur a\u00e9rien ne peut contester une demande d&rsquo;indemnisation que s&rsquo;il peut prouver que le dommage n&rsquo;est pas d\u00fb \u00e0 sa faute. Avances En cas de blessure ou de d\u00e9c\u00e8s d&rsquo;un passager, le transporteur doit verser une avance dans un d\u00e9lai de 15 jours \u00e0 compter de l&rsquo;identification de la personne ayant droit \u00e0 l&rsquo;indemnisation, afin de r\u00e9pondre \u00e0 des besoins \u00e9conomiques imm\u00e9diats. En cas de retard, le transporteur est responsable des dommages, sauf s&rsquo;il a pris toutes les mesures possibles<br>pour \u00e9viter le dommage ou s&rsquo;il \u00e9tait impossible de prendre de telles mesures. La responsabilit\u00e9 pour les dommages est limit\u00e9e \u00e0 4694 DTS (\u00e9quivalent approximatif de 5000 \u20ac en monnaie locale).<br>En cas de retard, le transporteur a\u00e9rien est responsable des dommages, sauf s&rsquo;il a pris toutes les mesures raisonnables pour les \u00e9viter ou s&rsquo;il \u00e9tait impossible de prendre de telles mesures.<br>Le transporteur a\u00e9rien est responsable de la destruction, de la perte ou de l&rsquo;endommagement des bagages jusqu&rsquo;\u00e0 concurrence de 1 131 DTS (1 300 \u20ac en \u00e9quivalent approximatif en monnaie locale).<br>Dans le cas de bagages enregistr\u00e9s, le transporteur a\u00e9rien est responsable des dommages m\u00eame s&rsquo;il n&rsquo;est pas en faute, sauf si les bagages \u00e9taient d\u00e9fectueux. Dans le cas de bagages non enregistr\u00e9s, le transporteur a\u00e9rien est responsable du dommage m\u00eame s&rsquo;il n&rsquo;est pas en faute, \u00e0 moins qu&rsquo;il n&rsquo;y ait un d\u00e9faut inh\u00e9rent au bagage. En ce qui concerne les bagages non enregistr\u00e9s, le transporteur a\u00e9rien n&rsquo;est responsable que si le dommage lui est imputable. Le passager peut b\u00e9n\u00e9ficier d&rsquo;une limite de responsabilit\u00e9 plus \u00e9lev\u00e9e en faisant une d\u00e9claration sp\u00e9ciale, au plus tard au moment de l&rsquo;enregistrement, et en payant une redevance suppl\u00e9mentaire.<br>Si le transporteur a\u00e9rien assurant le vol n&rsquo;est pas le transporteur a\u00e9rien contractant, le passager a le droit de d\u00e9poser une demande d&rsquo;indemnisation ou une plainte aupr\u00e8s de l&rsquo;un ou de l&rsquo;autre. Si le nom ou le code d&rsquo;un transporteur a\u00e9rien<br>figure sur le billet, ce transporteur est le transporteur a\u00e9rien contractant.<br>L&rsquo;action en justice doit \u00eatre intent\u00e9e dans un d\u00e9lai de deux ans \u00e0 compter de la date d&rsquo;arriv\u00e9e ou de la date \u00e0 laquelle le vol aurait d\u00fb arriver. Les r\u00e8gles ci-dessus sont fond\u00e9es sur la convention de Montr\u00e9al du 28 mai 1999, qui est mise en \u0153uvre dans la Communaut\u00e9 par le r\u00e8glement (CE) n\u00b0 2027\/97 (modifi\u00e9 par le r\u00e8glement (CE) n\u00b0 889\/2002) et la l\u00e9gislation nationale des \u00c9tats membres.            <\/p>\n<p><\/p>\n<p><strong>ORGANISATION TECHNIQUE :<\/strong><br>ACE TOUR SM SRL &#8211; Via Consiglio dei sessanta, 99 &#8211; 47891 Dogana &#8211; Rep. of San Marino<\/p>\n<p><\/p>\t\t\t\t\t\t\t\t<\/div>\n\t\t\t\t<\/div>\n\t\t\t\t\t<\/div>\n\t\t\t\t<\/div>\n\t\t<div class=\"elementor-element elementor-element-6d69e61 e-flex e-con-boxed e-con e-parent\" data-id=\"6d69e61\" data-element_type=\"container\">\n\t\t\t\t\t<div class=\"e-con-inner\">\n\t\t\t\t<div class=\"elementor-element elementor-element-3fff67c elementor-widget elementor-widget-text-editor\" data-id=\"3fff67c\" data-element_type=\"widget\" data-widget_type=\"text-editor.default\">\n\t\t\t\t<div class=\"elementor-widget-container\">\n\t\t\t\t\t\t\t\t\t<p><b>Pour plus d&rsquo;informations sur les principaux droits garantis par la directive europ\u00e9enne 2015\/2302, consultez la page officielle :<\/b><br><a href=\"https:\/\/eur-lex.europa.eu\/legal-content\/IT\/TXT\/HTML\/?uri=CELEX:32015L2302\">\n  <span class=\"s1\">https:\/\/eur-lex.europa.eu\/legal-content\/IT\/TXT\/HTML\/?uri=CELEX:32015L2302<\/span>\n<\/a><\/p>\t\t\t\t\t\t\t\t<\/div>\n\t\t\t\t<\/div>\n\t\t\t\t\t<\/div>\n\t\t\t\t<\/div>\n\t\t\t\t<\/div>\n\t\t","protected":false},"excerpt":{"rendered":"<p>CONDITIONS G\u00c9N\u00c9RALES R\u00c8GLES APPLICABLES ET RESPONSABILIT\u00c9La vente de forfaits touristiques, qui ont pour objet des prestations \u00e0 fournir sur le territoire national et international, est r\u00e9gie par le Code du tourisme, plus pr\u00e9cis\u00e9ment les articles 32 \u00e0 51- novies pour tel que modifi\u00e9 par le d\u00e9cret l\u00e9gislatif 21 mai 2018 n\u00b0 62, transposant et mettant&#8230;<\/p>\n","protected":false},"author":1,"featured_media":0,"parent":0,"menu_order":0,"comment_status":"closed","ping_status":"closed","template":"elementor_header_footer","meta":{"footnotes":""},"class_list":["post-1742","page","type-page","status-publish","hentry"],"_links":{"self":[{"href":"https:\/\/acetour.ae\/fr\/wp-json\/wp\/v2\/pages\/1742","targetHints":{"allow":["GET"]}}],"collection":[{"href":"https:\/\/acetour.ae\/fr\/wp-json\/wp\/v2\/pages"}],"about":[{"href":"https:\/\/acetour.ae\/fr\/wp-json\/wp\/v2\/types\/page"}],"author":[{"embeddable":true,"href":"https:\/\/acetour.ae\/fr\/wp-json\/wp\/v2\/users\/1"}],"replies":[{"embeddable":true,"href":"https:\/\/acetour.ae\/fr\/wp-json\/wp\/v2\/comments?post=1742"}],"version-history":[{"count":5,"href":"https:\/\/acetour.ae\/fr\/wp-json\/wp\/v2\/pages\/1742\/revisions"}],"predecessor-version":[{"id":1755,"href":"https:\/\/acetour.ae\/fr\/wp-json\/wp\/v2\/pages\/1742\/revisions\/1755"}],"wp:attachment":[{"href":"https:\/\/acetour.ae\/fr\/wp-json\/wp\/v2\/media?parent=1742"}],"curies":[{"name":"wp","href":"https:\/\/api.w.org\/{rel}","templated":true}]}}