{"id":1751,"date":"2025-08-04T12:50:17","date_gmt":"2025-08-04T12:50:17","guid":{"rendered":"https:\/\/acetour.ae\/modes-de-paiement\/"},"modified":"2025-10-15T15:22:35","modified_gmt":"2025-10-15T15:22:35","slug":"modes-de-paiement","status":"publish","type":"page","link":"https:\/\/acetour.ae\/fr\/modes-de-paiement\/","title":{"rendered":"Modes de paiement"},"content":{"rendered":"\t\t<div data-elementor-type=\"wp-page\" data-elementor-id=\"1751\" class=\"elementor elementor-1751 elementor-379\" data-elementor-post-type=\"page\">\n\t\t\t\t<div class=\"elementor-element elementor-element-aba939e e-con-full e-flex e-con e-parent\" data-id=\"aba939e\" data-element_type=\"container\" data-settings=\"{&quot;background_background&quot;:&quot;classic&quot;}\">\n\t\t\t\t<div class=\"elementor-element elementor-element-2223fd9 elementor-widget elementor-widget-heading\" data-id=\"2223fd9\" data-element_type=\"widget\" data-widget_type=\"heading.default\">\n\t\t\t\t<div class=\"elementor-widget-container\">\n\t\t\t\t\t<h2 class=\"elementor-heading-title elementor-size-default\">MODES DE PAIEMENT<\/h2>\t\t\t\t<\/div>\n\t\t\t\t<\/div>\n\t\t\t\t<\/div>\n\t\t<div class=\"elementor-element elementor-element-64bdc8b e-flex e-con-boxed e-con e-parent\" data-id=\"64bdc8b\" data-element_type=\"container\">\n\t\t\t\t\t<div class=\"e-con-inner\">\n\t\t\t\t<div class=\"elementor-element elementor-element-2707267 elementor-widget elementor-widget-spacer\" data-id=\"2707267\" data-element_type=\"widget\" data-widget_type=\"spacer.default\">\n\t\t\t\t<div class=\"elementor-widget-container\">\n\t\t\t\t\t\t\t<div class=\"elementor-spacer\">\n\t\t\t<div class=\"elementor-spacer-inner\"><\/div>\n\t\t<\/div>\n\t\t\t\t\t\t<\/div>\n\t\t\t\t<\/div>\n\t\t\t\t<div class=\"elementor-element elementor-element-937427d elementor-widget elementor-widget-text-editor\" data-id=\"937427d\" data-element_type=\"widget\" data-widget_type=\"text-editor.default\">\n\t\t\t\t<div class=\"elementor-widget-container\">\n\t\t\t\t\t\t\t\t\t<p><strong>Modes de paiement pour les cabinets de groupe<\/strong><\/p>\n<p><\/p>\n<p>Les conditions de paiement varient en fonction du produit, du service achet\u00e9 et du contrat conclu au moment de notre offre de voyage et seront indiqu\u00e9es dans chaque d\u00e9claration pour chaque pratique et en fonction du contrat conclu pour chaque groupe et client.<\/p>\n<p><\/p>\n<p> <\/p>\n<p><\/p>\n<p class=\"has-medium-font-size\"><strong>Modes de paiement pour les cabinets de CLIENTS priv\u00e9s<br><\/strong><\/p>\n<p><\/p>\n<p><strong>VOLS :<\/strong><\/p>\n<p><\/p>\n<ul>\n<li><b>Paiement de la totalit\u00e9 du montant par carte de cr\u00e9dit<\/b><br>Visa, MasterCard et les sous-marque de cartes de cr\u00e9dit telles que Visa Electron, Vpay sont autoris\u00e9es. Dans le cas d&rsquo;une carte pr\u00e9pay\u00e9e, veuillez vous assurer que le montant total de la r\u00e9servation est disponible, sinon la transaction ne sera pas effectu\u00e9e. Des frais de 3% seront factur\u00e9s pour la transaction par carte de cr\u00e9dit, calcul\u00e9s sur le montant total de la transaction.  <\/li>\n<li><b>Restrictions concernant les types de cartes de cr\u00e9dit et suppl\u00e9ments pour certaines compagnies a\u00e9riennes \u00e0 bas prix<\/b><br>Ryanair, par exemple, n&rsquo;accepte pas les paiements par carte de cr\u00e9dit American Express.<br>Les compagnies a\u00e9riennes \u00e0 bas prix peuvent facturer un suppl\u00e9ment en fonction du type de carte de cr\u00e9dit utilis\u00e9. Le montant vous sera indiqu\u00e9 avant la finalisation de la r\u00e9servation. <\/li>\n<li>La carte de cr\u00e9dit ou la carte pr\u00e9pay\u00e9e utilis\u00e9e ne doit pas n\u00e9cessairement \u00eatre au nom du voyageur.<\/li>\n<li>Les billets vous seront envoy\u00e9s par e-mail apr\u00e8s r\u00e9ception du montant total convenu.<\/li>\n<\/ul>\n<p><\/p>\n<p><strong>HOTEL :<\/strong><\/p>\n<p><\/p>\n<p><b>Nos h\u00f4tels sont propos\u00e9s par divers sites en ligne et certains de nos propres h\u00f4tels.<\/b><\/p>\n<p><\/p>\n<ul>\n<li><b>Les tarifs indiqu\u00e9s sont pour la totalit\u00e9 du s\u00e9jour<\/b><br>Les tarifs incluent les taxes additionnelles et la TVA avec le taux de change appliqu\u00e9, sauf indication contraire.<\/li>\n<li><b>V\u00e9rifiez soigneusement les conditions de paiement dans les d\u00e9tails de la chambre et du tarif.<\/b><br>Certains tarifs g\u00e9n\u00e9ralement plus avantageux pour un s\u00e9jour donn\u00e9 peuvent \u00eatre assortis de restrictions et de conditions sp\u00e9ciales en mati\u00e8re d&rsquo;annulation ou de remboursement.<\/li>\n<li><b>Demande des d\u00e9tails de la carte de cr\u00e9dit, pour garantir la r\u00e9servation.<\/b><br>Les d\u00e9tails de la carte utilis\u00e9e pour faire la r\u00e9servation seront envoy\u00e9s directement \u00e0 l&rsquo;\u00e9tablissement pour v\u00e9rifier sa validit\u00e9.<\/li>\n<li><b>Demande de paiement anticip\u00e9 par virement bancaire ou par carte de cr\u00e9dit<br><\/b>Cela peut se produire pour certains tarifs non remboursables ou pour des offres sp\u00e9ciales. Un pourcentage de 3% sera factur\u00e9 pour la transaction par carte de cr\u00e9dit calcul\u00e9e sur le montant total de la transaction. <\/li>\n<li><b>Conditions d&rsquo;annulation et de non-pr\u00e9sentation<\/b><br>Elles sont mentionn\u00e9es sur les pages d&rsquo;information concernant la propri\u00e9t\u00e9, pendant le processus de r\u00e9servation et dans l&rsquo;e-mail de confirmation. Les annulations et les modifications ne sont pas autoris\u00e9es pour certains tarifs. <\/li>\n<\/ul>\n<p><\/p>\n<p><strong>CARS :<\/strong><\/p>\n<p><\/p>\n<ul>\n<li><b>Paiement de la totalit\u00e9 du montant par carte de cr\u00e9dit<br><\/b>Visa, MasterdCard. Les sous-marque de cartes de cr\u00e9dit telles que Visa Electron, Vpay sont \u00e9galement accept\u00e9es. Dans le cas d&rsquo;une carte pr\u00e9pay\u00e9e, assurez-vous que le montant total de la r\u00e9servation est disponible, sinon la transaction ne sera pas effectu\u00e9e. Des frais de 3% seront factur\u00e9s pour la transaction par carte de cr\u00e9dit, calcul\u00e9s sur le montant total de la transaction.   <\/li>\n<li><b>La carte de cr\u00e9dit ou la carte pr\u00e9pay\u00e9e que vous utiliserez pour finaliser votre r\u00e9servation ne doit pas n\u00e9cessairement \u00eatre au nom du loueur ou du conducteur.<\/b><\/li>\n<\/ul>\n<p><\/p>\n<p><strong>DES FORFAITS VACANCES ET DES CROISI\u00c8RES :<\/strong><\/p>\n<p><\/p>\n<p>Les forfaits vacances peuvent \u00eatre achet\u00e9s selon trois modes de paiement diff\u00e9rents :<\/p>\n<p><\/p>\n<ul>\n<li><b>Paiement total par carte de cr\u00e9dit<\/b><br>Le montant total du voyage s\u00e9lectionn\u00e9 sera transig\u00e9. Un pourcentage de 3% sera factur\u00e9 pour la transaction par carte de cr\u00e9dit calcul\u00e9e sur le montant du total \u00e0 transiger. <\/li>\n<li><b>Paiement anticip\u00e9 par carte de cr\u00e9dit<\/b><br>Nous gelons le prix de l&rsquo;offre en ne transigeant que 300,00 \u20ac. En confirmant cet acompte, vous vous engagez \u00e0 acheter le forfait et le montant sera imm\u00e9diatement gel\u00e9.<br>Apr\u00e8s notre confirmation, vous serez invit\u00e9 \u00e0 payer le solde du montant restant, qui peut \u00eatre effectu\u00e9 soit par virement bancaire (dans les 21 jours suivant le d\u00e9part), soit par carte de cr\u00e9dit (apr\u00e8s nous avoir fourni une autorisation \u00e9crite sur un formulaire sp\u00e9cial que nous vous enverrons, afin de pouvoir utiliser les donn\u00e9es de votre carte de cr\u00e9dit). <\/li>\n<li><b>Paiement par t\u00e9l\u00e9phone op\u00e9rateur<br><\/b>Vous serez contact\u00e9 par t\u00e9l\u00e9phone par l&rsquo;un de nos op\u00e9rateurs avec lequel vous conviendrez du mode de paiement (paiement par carte de cr\u00e9dit ou virement bancaire). Le solde vous sera encore demand\u00e9 lors de la confirmation de votre r\u00e9servation. <\/li>\n<li>Certains h\u00f4tels peuvent facturer des taxes locales suppl\u00e9mentaires \u00e0 r\u00e9gler sur place.<\/li>\n<\/ul>\n<p><\/p>\n<p><strong>VOL+HOTEL :<\/strong><\/p>\n<p><\/p>\n<ul>\n<li>Les forfaits vacances de la section Vol+H\u00f4tel ne peuvent \u00eatre achet\u00e9s qu&rsquo;en payant le montant total par carte de cr\u00e9dit MasterCard, Visa, au moment de la r\u00e9servation ou par virement bancaire s&rsquo;il y a un d\u00e9lai entre la r\u00e9servation et le d\u00e9part, toujours avec une garantie de la carte de cr\u00e9dit. Un pourcentage de 3% sera pr\u00e9lev\u00e9 pour la transaction par carte de cr\u00e9dit, calcul\u00e9 sur le montant total de la transaction. <\/li>\n<li>Certains h\u00f4tels peuvent facturer des taxes locales suppl\u00e9mentaires \u00e0 r\u00e9gler sur place.<\/li>\n<\/ul>\n<p><\/p>\n<p><strong>G\u00c9N\u00c9RALIT\u00c9<\/strong><\/p>\n<p><\/p>\n<ul>\n<li>Ace Tour Sm S.r.l. peut \u00eatre amen\u00e9 \u00e0 divulguer les d\u00e9tails de votre carte de cr\u00e9dit au fournisseur afin de finaliser votre r\u00e9servation.<\/li>\n<li>Ace Tour Sm S.r.l. d\u00e9cline toute responsabilit\u00e9 pour les esp\u00e8ces ou les ch\u00e8ques envoy\u00e9s par la poste.<\/li>\n<li>Avant le paiement int\u00e9gral, Ace Tour Sm S.r.l. n&rsquo;est pas tenue d&rsquo;\u00e9mettre un billet, une confirmation, un bon ou un autre document de voyage.<\/li>\n<li>Ace Tour Sm S.r.l. se r\u00e9serve le droit de vous facturer un suppl\u00e9ment pour les frais de commission encourus par Ace Tour Sm S.r.l. ou le fournisseur en rapport avec les r\u00e9servations effectu\u00e9es par carte de cr\u00e9dit (environ 3 %).<\/li>\n<li>Ace Tour Sm S.r.l. se r\u00e9serve le droit de vous facturer tous les frais d\u00e9coulant de l&rsquo;impossibilit\u00e9 d&rsquo;effectuer le paiement par carte de cr\u00e9dit. Dans le cas o\u00f9 le paiement est effectu\u00e9 par la carte de cr\u00e9dit d&rsquo;un tiers, Ace Tour Sm S.r.l. aura le droit de demander au titulaire de la carte une autorisation \u00e9crite appropri\u00e9e. <\/li>\n<li>En cas de probl\u00e8me avec le paiement de votre r\u00e9servation, nous vous contacterons dans les 48 heures (ou dans les 24 heures si votre voyage commence plus t\u00f4t). Dans ce cas, Ace Tour Sm S.r.l. ne peut \u00eatre tenu responsable de l&rsquo;augmentation du prix ou du manque de disponibilit\u00e9. <\/li>\n<li>En ce qui concerne votre carte de cr\u00e9dit, le fait de ne pas fournir les informations de facturation correctes peut entra\u00eener l&rsquo;annulation de votre r\u00e9servation, des retards dans l&rsquo;\u00e9mission des billets et une augmentation des frais. Veillez \u00e0 ce que l&rsquo;adresse de facturation corresponde aux informations figurant sur votre relev\u00e9 de compte. <\/li>\n<li>L&rsquo;absence de paiement dans les d\u00e9lais pr\u00e9vus entra\u00eene la r\u00e9siliation automatique du contrat de courtage aux termes de l&rsquo;article 1456 du Code civil italien, sous r\u00e9serve de l&rsquo;indemnisation des dommages subis par Ace Tour Sm S.r.l.. <\/li>\n<li>Les modes et conditions de paiement varient en fonction du produit et du service achet\u00e9s, ainsi que de la date de r\u00e9servation.<\/li>\n<\/ul>\n<p><\/p>\n<div class=\"wp-block-spacer\" style=\"height: 100px;\" aria-hidden=\"true\"> <\/div>\n<p><\/p>\t\t\t\t\t\t\t\t<\/div>\n\t\t\t\t<\/div>\n\t\t\t\t\t<\/div>\n\t\t\t\t<\/div>\n\t\t\t\t<\/div>\n\t\t","protected":false},"excerpt":{"rendered":"<p>MODES DE PAIEMENT Modes de paiement pour les cabinets de groupe Les conditions de paiement varient en fonction du produit, du service achet\u00e9 et du contrat conclu au moment de notre offre de voyage et seront indiqu\u00e9es dans chaque d\u00e9claration pour chaque pratique et en fonction du contrat conclu pour chaque groupe et client. Modes&#8230;<\/p>\n","protected":false},"author":1,"featured_media":0,"parent":0,"menu_order":0,"comment_status":"closed","ping_status":"closed","template":"elementor_header_footer","meta":{"footnotes":""},"class_list":["post-1751","page","type-page","status-publish","hentry"],"_links":{"self":[{"href":"https:\/\/acetour.ae\/fr\/wp-json\/wp\/v2\/pages\/1751","targetHints":{"allow":["GET"]}}],"collection":[{"href":"https:\/\/acetour.ae\/fr\/wp-json\/wp\/v2\/pages"}],"about":[{"href":"https:\/\/acetour.ae\/fr\/wp-json\/wp\/v2\/types\/page"}],"author":[{"embeddable":true,"href":"https:\/\/acetour.ae\/fr\/wp-json\/wp\/v2\/users\/1"}],"replies":[{"embeddable":true,"href":"https:\/\/acetour.ae\/fr\/wp-json\/wp\/v2\/comments?post=1751"}],"version-history":[{"count":3,"href":"https:\/\/acetour.ae\/fr\/wp-json\/wp\/v2\/pages\/1751\/revisions"}],"predecessor-version":[{"id":1757,"href":"https:\/\/acetour.ae\/fr\/wp-json\/wp\/v2\/pages\/1751\/revisions\/1757"}],"wp:attachment":[{"href":"https:\/\/acetour.ae\/fr\/wp-json\/wp\/v2\/media?parent=1751"}],"curies":[{"name":"wp","href":"https:\/\/api.w.org\/{rel}","templated":true}]}}